{"id":77647,"date":"2024-10-22T12:16:26","date_gmt":"2024-10-22T11:16:26","guid":{"rendered":"https:\/\/staging.radiuscompare.com\/?page_id=77647"},"modified":"2025-10-23T08:49:51","modified_gmt":"2025-10-23T07:49:51","slug":"a-propos-de-nous","status":"publish","type":"page","link":"https:\/\/staging.radiuscompare.com\/fr\/a-propos-de-nous\/","title":{"rendered":"\u00c0 propos de nous"},"content":{"rendered":"\n                    <style>\n                        \n\t\t\t\t#block_18436568a5b2b2753d677235a477aa01 { color: #FFFFFF; }\n\t\t\t\n\t\t\t\t\t#block_18436568a5b2b2753d677235a477aa01 { \n\t\t\t\t\t\tbackground-image: url(\"https:\/\/staging.radiuscompare.com\/app\/uploads\/2021\/10\/about-v3-e1658145328816.jpg\");\n\t\t\t\t\t\tbackground-size: cover;\n\t\t\t\t\t}\n\t\t\t\t\n                    <\/style>\n                    <section id=\"block_18436568a5b2b2753d677235a477aa01\" class=\"relative tone-block tone-band tone-block-herobanner hero-banner relative mx-auto h-auto tone-block-herobanner--slim   herobanner alignfull pt-8 sm:pt-10 md:pt-14 lg:pt-14 xl:pt-20 pb-8 sm:pb-10 md:pb-14 lg:pb-14 xl:pb-20 bg-cover bg-center bg-repeat\" style=\"\">\n    \n    \n    <div class=\"overflow-hidden w-full h-auto flex-grow flex flex-col\">\n\n        \n        \n    <div class=\"container z-20 relative h-full bg-no-repeat flex-grow bg-cover  lg:bg-transparent\">\n\n                    <!-- STANDARD BANNER -->\n            <div class=\"hero-banner__banner h-full flex flex-col justify-center items-center relative flex-grow \">\n\n                <div class=\"hero-banner__content w-full mx-auto text-center md:w-11\/12 xl:w-12\/12 md:text-center z-20\">\n                    <h1 class=\"text-2xl md:text-4xl font-extrabold leading-none md:text-6xl 2xl:text-8xl w-full mb-4 md:mb-6 lg:mb-2 xl:mb-6\"> L&#8217;histoire de Radius <br \/><br \/><br \/><br \/><br \/> <\/h1>\n\n                    \n                    \n                                                                \n                    \n                    \n                <\/div>\n            <\/div>\n            <!-- END STANDARD BANNER -->\n            <\/div>\n<\/section>\n\n\n<div style=\"height:35px\" aria-hidden=\"true\" class=\"wp-block-spacer\"><\/div>\n\n\n\n                    <style>\n                        \n\t\t\t\t#block_d8199e81998e22d6fafac0844440465e { color: default; }\n\t\t\t\n                    <\/style>\n                    <section id=\"block_d8199e81998e22d6fafac0844440465e\" class=\"relative tone-block tone-band tone-block-headingcopy heading-copyheading-copy-left   headingcopy alignwide pt-8 sm:pt-10 md:pt-14 lg:pt-14 xl:pt-20 pb-8 sm:pb-10 md:pb-14 lg:pb-14 xl:pb-20 bg-grey-super-light\" style=\"\">\n<div class=\"max-w-screen-lg mx-auto px-6 md:px-12 lg:px-12 xl:px-0\"> \n\n    \n    <div class=\"container pb-8 sm:pb-10 md:pb-14 lg:pb-14 xl:pb-20\" style=\"padding-top: 0;\">\n        <div class=\"block-headings flex flex-row justify-center items-center \">\n            <div class=\"block-headings__wrapper flex flex-col justify-center items-center\">\n                                                            <h2 as=\"h4\" class=\"pb-10 md:block block-headings__block-title text-center font-semibold no-padding\"> Radius Compare fait partie du groupe Radius Payment Solutions. <\/h2>\n                                                                <\/div>\n                    <\/div>\n    <\/div>\n\n            <div class=\"container heading-copy__wrapper\">\n            <div class=\"flex flex-row justify-center items-center \">\n                <div class=\"max-w-screen-xl flex flex-col justify-center items-center w-full\">\n                    <div class=\"heading-copy__copy mx-auto\"> <p style=\"text-align: center;\"><strong>Depuis plus de 35 ans, Radius aide les entreprises du monde entier \u00e0 se d\u00e9velopper et vous accompagner vers un avenir durable. Notre histoire a commenc\u00e9 en 1990, au sein d&#8217;un bureau am\u00e9nag\u00e9 au-dessus d\u2019un salon de coiffure. Aujourd&#8217;hui, Radius est devenue une entreprise mondiale de services aux entreprises, pr\u00e9sente dans 19 pays r\u00e9partis sur 5 continents.<\/strong><\/p>\n<p style=\"text-align: center;\">Notre mission est d&#8217;offrir une gamme de produits soutenus par une technologie de pointe et un service client r\u00e9actif et \u00e0 votre \u00e9coute, pour un rapport qualit\u00e9-prix optimal. Nous voulons simplifier et am\u00e9liorer les activit\u00e9s des entreprises, que ce soit en g\u00e9n\u00e9rant des \u00e9conomies, en renfor\u00e7ant l\u2019efficacit\u00e9 des services, ou en proposant des approches innovantes.<br \/>\n\u00c0 chaque innovation, nous vous donnons les moyens de vous concentrer sur ce que vous faites le mieux, pour une croissance \u00e0 votre image : que cela se traduise par une rentabilit\u00e9 accrue, ou un \u00e9quilibre entre vie professionnelle et personnelle am\u00e9lior\u00e9. Nous sommes l\u00e0 pour vous aider \u00e0 atteindre vos objectifs, quels qu\u2019ils soient.<\/p>\n <\/div>\n                <\/div>\n            <\/div>\n        <\/div>\n    \n<\/div>\n\n<\/section>  \n\n\n<div style=\"height:48px\" aria-hidden=\"true\" class=\"wp-block-spacer\"><\/div>\n\n\n\n                    <style>\n                        \n                    <\/style>\n                    <section id=\"block_56c71412a3ac4e163bf10a6efb2268f0\" class=\"relative tone-block tone-band tone-block-cards cards   cards alignwide bg-\" style=\"\"><div class=\"container\">\n\n    \n    \n    <!-- Start: Cards -->\n    <div class=\"cards__wrapper animate__animated do__fadeIn \" data-cards-per-slide=\"\" data-nav-enabled=\"\">\n                                <ul class=\"cards__list list-none m-0 p-0 mobile-one-col-fix items-center\n             lg:gap-8 xl:gap-12\n            grid grid-cols- gap-8 md:grid-cols- lg:grid-cols-none lg:auto-cols-fr lg:grid-flow-col lg:gap-x-8 xl:gap-x-12\n            \n            \n            \n            cards__list--has-cropped-images\">\n\n                                                        <li class=\"cards__list-item w-full h-full \">\n\n                                                    <div class=\"card card--icon rounded h-full flex flex-row justify-center items-center lg:flex-col\">\n    \n            <div class=\"card__icon relative flex justify-center items-center flex-shrink-0 w-14 lg:w-auto lg:h-16\">\n            <svg xmlns=\"http:\/\/www.w3.org\/2000\/svg\" viewBox=\"0 0 68 68\"><g transform=\"matrix(2.8333333333333335,0,0,2.8333333333333335,0,0)\"><defs><style>.a{fill:none;stroke:#101820;stroke-linecap:round;stroke-linejoin:round;}<\/style><\/defs><line class=\"a\" x1=\"1\" y1=\"18.127\" x2=\"12\" y2=\"21.127\"><\/line><line class=\"a\" x1=\"12\" y1=\"21.127\" x2=\"23\" y2=\"18.127\"><\/line><line class=\"a\" x1=\"1\" y1=\"18.127\" x2=\"6.493\" y2=\"16.688\"><\/line><line class=\"a\" x1=\"1\" y1=\"22.688\" x2=\"1\" y2=\"18.252\"><\/line><line class=\"a\" x1=\"23\" y1=\"18.252\" x2=\"23\" y2=\"22.688\"><\/line><line class=\"a\" x1=\"12\" y1=\"23.188\" x2=\"12\" y2=\"21.127\"><\/line><path class=\"a\" d=\"M15.5,6.062c0,1.933-.583,7-3.5,7S8.5,8,8.5,6.062c0-3.5,3.5-5.25,3.5-5.25S15.5,2.562,15.5,6.062Z\"><\/path><circle class=\"a\" cx=\"12\" cy=\"5.937\" r=\"1.373\"><\/circle><path class=\"a\" d=\"M9.683,12.161l-.808.405a5.251,5.251,0,0,0-1.242.916.653.653,0,0,1-1.13-.417,3.486,3.486,0,0,1,2.113-3.61\"><\/path><path class=\"a\" d=\"M14.317,12.161l.808.405a5.251,5.251,0,0,1,1.242.916.653.653,0,0,0,1.13-.417,3.486,3.486,0,0,0-2.113-3.61\"><\/path><line class=\"a\" x1=\"23\" y1=\"18.127\" x2=\"17.507\" y2=\"16.688\"><\/line><path class=\"a\" d=\"M13.4,16.007c0,.773-.627,2.643-1.4,2.643s-1.4-1.87-1.4-2.643a1.4,1.4,0,1,1,2.8,0Z\"><\/path><\/g><\/svg>\n        <\/div>\n    \n    <div class=\"card__content flex flex-col justify-start items-start lg:items-center flex-grow h-full ml-6 lg:ml-0 lg:mt-6\">\n                    <h2 as=\"h6\" class=\"card__heading text-left lg:text-center font-bold m-0 p-0\">Fond\u00e9e en 1990<\/h2>\n        \n        \n            <\/div>\n    <\/div>\n\n                        \n                    <\/li>\n                                                                            <li class=\"cards__list-item w-full h-full \">\n\n                                                    <div class=\"card card--icon rounded h-full flex flex-row justify-center items-center lg:flex-col\">\n    \n            <div class=\"card__icon relative flex justify-center items-center flex-shrink-0 w-14 lg:w-auto lg:h-16\">\n            <svg viewBox=\"0 0 68 68\" xmlns=\"http:\/\/www.w3.org\/2000\/svg\"><g transform=\"matrix(2.8333333333333335,0,0,2.8333333333333335,0,0)\"><path d=\"M2.504 2.5H21.504V19.5H2.504z\" fill=\"none\" stroke=\"#101820\" stroke-linecap=\"round\" stroke-linejoin=\"round\"><\/path><path d=\"M11.004 22.500 A1.000 1.000 0 1 0 13.004 22.500 A1.000 1.000 0 1 0 11.004 22.500 Z\" fill=\"none\" stroke=\"#101820\" stroke-linecap=\"round\" stroke-linejoin=\"round\"><\/path><path d=\"M12.004 19.5L12.004 21.5\" fill=\"none\" stroke=\"#101820\" stroke-linecap=\"round\" stroke-linejoin=\"round\"><\/path><path d=\"M7.504 6L7.504 5\" fill=\"none\" stroke=\"#101820\" stroke-linecap=\"round\" stroke-linejoin=\"round\"><\/path><path d=\"M9,6H6.971a1.342,1.342,0,0,0-.5,2.587l2.064.826A1.342,1.342,0,0,1,8.037,12H6\" fill=\"none\" stroke=\"#101820\" stroke-linecap=\"round\" stroke-linejoin=\"round\"><\/path><path d=\"M7.504 13L7.504 12\" fill=\"none\" stroke=\"#101820\" stroke-linecap=\"round\" stroke-linejoin=\"round\"><\/path><path d=\"M17.5,15.5V10a.5.5,0,0,0-.5-.5H16a.5.5,0,0,0-.5.5v5.5\" fill=\"none\" stroke=\"#101820\" stroke-linecap=\"round\" stroke-linejoin=\"round\"><\/path><path d=\"M13.5,15.5V13a.5.5,0,0,0-.5-.5H12a.5.5,0,0,0-.5.5v2.5\" fill=\"none\" stroke=\"#101820\" stroke-linecap=\"round\" stroke-linejoin=\"round\"><\/path><path d=\"M8.504 15.5L19.004 15.5\" fill=\"none\" stroke=\"#101820\" stroke-linecap=\"round\" stroke-linejoin=\"round\"><\/path><path d=\"M23.5,1.5a1,1,0,0,1-1,1H1.5a1,1,0,0,1,0-2h21A1,1,0,0,1,23.5,1.5Z\" fill=\"none\" stroke=\"#101820\" stroke-linecap=\"round\" stroke-linejoin=\"round\"><\/path><path d=\"M1.504 19.5L22.504 19.5\" fill=\"none\" stroke=\"#101820\" stroke-linecap=\"round\" stroke-linejoin=\"round\"><\/path><\/g><\/svg>\n        <\/div>\n    \n    <div class=\"card__content flex flex-col justify-start items-start lg:items-center flex-grow h-full ml-6 lg:ml-0 lg:mt-6\">\n                    <h2 as=\"h6\" class=\"card__heading text-left lg:text-center font-bold m-0 p-0\">Chiffre d&#8217;affaires de + 5 milliards d&#8217;euros<\/h2>\n        \n        \n            <\/div>\n    <\/div>\n\n                        \n                    <\/li>\n                                                                            <li class=\"cards__list-item w-full h-full \">\n\n                                                    <div class=\"card card--icon rounded h-full flex flex-row justify-center items-center lg:flex-col\">\n    \n            <div class=\"card__icon relative flex justify-center items-center flex-shrink-0 w-14 lg:w-auto lg:h-16\">\n            <svg viewBox=\"0 0 68 68\" xmlns=\"http:\/\/www.w3.org\/2000\/svg\"><g transform=\"matrix(2.8333333333333335,0,0,2.8333333333333335,0,0)\"><path d=\"M0.500 11.985 A11.500 11.500 0 1 0 23.500 11.985 A11.500 11.500 0 1 0 0.500 11.985 Z\" fill=\"none\" stroke=\"#101820\" stroke-linecap=\"round\" stroke-linejoin=\"round\"><\/path><path d=\"M.673,9.985H6.757a3,3,0,0,1,2.122.878L10,11.984a3,3,0,0,1,.121,4.115L8.758,17.632A3,3,0,0,0,8,19.625V22.77\" fill=\"none\" stroke=\"#101820\" stroke-linecap=\"round\" stroke-linejoin=\"round\"><\/path><path d=\"M20.261,3.985h-5.8a2.25,2.25,0,0,0,0,4.5h.432a3,3,0,0,1,2.5,1.335l2.218,3.329a3,3,0,0,0,2.5,1.336h1.121\" fill=\"none\" stroke=\"#101820\" stroke-linecap=\"round\" stroke-linejoin=\"round\"><\/path><\/g><\/svg>\n        <\/div>\n    \n    <div class=\"card__content flex flex-col justify-start items-start lg:items-center flex-grow h-full ml-6 lg:ml-0 lg:mt-6\">\n                    <h2 as=\"h6\" class=\"card__heading text-left lg:text-center font-bold m-0 p-0\">Op\u00e8re dans 19 pays<\/h2>\n        \n        \n            <\/div>\n    <\/div>\n\n                        \n                    <\/li>\n                                                <\/ul>\n\n                        <\/div>\n    <!-- End: Cards -->\n<\/div>\n<\/section>\n\n\n\n\n                    <style>\n                        \n\t\t\t\t#block_fab38123a04af962dcd0179360fea4ae { color: default; }\n\t\t\t\n                    <\/style>\n                    <section id=\"block_fab38123a04af962dcd0179360fea4ae\" class=\"relative tone-block tone-band tone-block-headingcopy heading-copy   headingcopy alignwide pt-8 sm:pt-10 md:pt-14 lg:pt-14 xl:pt-20 pb-6 sm:pb-6 md:pb-8 lg:pb-14 xl:pb-26 bg-white\" style=\"\">\n<div class=\"max-w-screen-lg mx-auto px-6 md:px-12 lg:px-12 xl:px-0\"> \n\n    \n    <div class=\"container pb-8 sm:pb-10 md:pb-14 lg:pb-14 xl:pb-20\" style=\"padding-top: 0;\">\n        <div class=\"block-headings flex flex-row justify-center items-center \">\n            <div class=\"block-headings__wrapper flex flex-col justify-center items-center\">\n                                                            <h2 as=\"h4\" class=\"pb-10 md:block block-headings__block-title text-center font-semibold no-padding\"> Nos divisions <\/h2>\n                                                                <\/div>\n                    <\/div>\n    <\/div>\n\n    \n<\/div>\n\n<\/section>  \n\n\n                    <style>\n                        \n\t\t\t\t#block_d6ccb983a7bccd1baaf862b13bc4a44c { color: default; }\n\t\t\t\n                    <\/style>\n                    <section id=\"block_d6ccb983a7bccd1baaf862b13bc4a44c\" class=\"relative tone-block tone-band tone-block-contentpanel content-panel contentpanel   contentpanel is-style-padded alignwide pt-0 pb-6 sm:pb-6 md:pb-8 lg:pb-14 xl:pb-26 bg-white\" style=\"\">\n    <div class=\"container \">\n\n    \n    <!-- Start: Content Panel -->\n    <div class=\"content-panel__wrapper grid items-center grid-cols-1 md:grid-cols-2 gap-y-8 md:gap-y-0 md:gap-x-8 lg:gap-x-8 xl:gap-x-10 animate__animated do__fadeIn\">\n\n        <!-- Content Panel Content -->\n        <div class=\"content-panel__content w-full order-2 md:order-1 \">\n                        \n            \n                            <h2 as=\"h4\" class=\"content-panel__heading mb-2 md:mb-4 xl:mb-6 text-2xl font-bold tracking-tight md:leading-tight xl:text-4xl\"> Radius &#8211; Cartes carburant <\/h2>\n                        \n                            <div as=\"text-lg\" class=\"content-panel__copy mt-4\"> <p>L&#8217;histoire de Radius a commenc\u00e9 avec la division Carburant il y a 35 ans sous la marque UK Fuels.<\/p>\n<p>Nous sommes d\u00e9sormais un revendeur mondial des plus grandes compagnies p\u00e9troli\u00e8res dans 19 pays, nous distribuons nos propres marques de cartes de carburant et nous aidons des milliers d&#8217;entreprises \u00e0 \u00e9conomiser de l&#8217;argent sur leur consommation en carburant.<\/p>\n <\/div>\n            \n            \n                    <\/div>\n\n        <!-- Content Panel Media -->\n                    \n            \n            <div class=\"content-panel__media relative overflow-hidden aspect-w-14 aspect-h-9 content-panel__media--right order-1 md:order-2 \">\n                <div class=\" flex flex-col justify-center items-center w-full h-full\">\n\n\n                    \n                    \n                        <img loading=\"lazy\" decoding=\"async\" width=\"1024\" height=\"1024\" src=\"https:\/\/staging.radiuscompare.com\/app\/uploads\/2021\/10\/division_fuel.svg\" class=\"content-panel__image flex w-full h-full lg:h-5\/6 object-contain max-w-xs lg:max-w-none\" alt=\"\" \/>\n\n                    \n                    <\/div>\n            <\/div>\n            <\/div>\n    <!-- End: Content Panel -->\n\n    <\/div>\n<\/section>\n\n\n                    <style>\n                        \n\t\t\t\t#block_c87c83772f8e2b027a71210fd3b2c76d { color: default; }\n\t\t\t\n                    <\/style>\n                    <section id=\"block_c87c83772f8e2b027a71210fd3b2c76d\" class=\"relative tone-block tone-band tone-block-contentpanel content-panel contentpanel   contentpanel is-style-padded alignwide pt-0 pb-6 sm:pb-6 md:pb-8 lg:pb-14 xl:pb-26 bg-white\" style=\"\">\n    <div class=\"container \">\n\n    \n    <!-- Start: Content Panel -->\n    <div class=\"content-panel__wrapper grid items-center grid-cols-1 md:grid-cols-2 gap-y-8 md:gap-y-0 md:gap-x-8 lg:gap-x-8 xl:gap-x-10 animate__animated do__fadeIn\">\n\n        <!-- Content Panel Content -->\n        <div class=\"content-panel__content w-full order-2 md:order-2 \">\n                        \n            \n                            <h2 as=\"h4\" class=\"content-panel__heading mb-2 md:mb-4 xl:mb-6 text-2xl font-bold tracking-tight md:leading-tight xl:text-4xl\"> Radius &#8211; T\u00e9l\u00e9matique <\/h2>\n                        \n                            <div as=\"text-lg\" class=\"content-panel__copy mt-4\"> <p>Nous sommes l&#8217;un des plus grands fournisseurs de services t\u00e9l\u00e9matiques au monde. En effet, nous suivons pr\u00e8s d&#8217;un demi-million de v\u00e9hicules en Europe, en Am\u00e9rique, en Asie et en Australie.<\/p>\n<p>Radius propose une gamme compl\u00e8te de dispositifs de suivi et de logiciels. Nous nous adressons \u00e0 tous les types d&#8217;entreprises, en proposant des solutions t\u00e9l\u00e9matiques pour les exploitants de flottes de v\u00e9hicules et des traceurs \u00e0 installer soi-m\u00eame pour les petites entreprises.<\/p>\n <\/div>\n            \n            \n                    <\/div>\n\n        <!-- Content Panel Media -->\n                    \n            \n            <div class=\"content-panel__media relative overflow-hidden aspect-w-14 aspect-h-9 content-panel__media--left order-1 md:order-1 \">\n                <div class=\" flex flex-col justify-center items-center w-full h-full\">\n\n\n                    \n                    \n                        <img loading=\"lazy\" decoding=\"async\" width=\"1024\" height=\"1024\" src=\"https:\/\/staging.radiuscompare.com\/app\/uploads\/2021\/10\/division_telematics.svg\" class=\"content-panel__image flex w-full h-full lg:h-5\/6 object-contain max-w-xs lg:max-w-none\" alt=\"\" \/>\n\n                    \n                    <\/div>\n            <\/div>\n            <\/div>\n    <!-- End: Content Panel -->\n\n    <\/div>\n<\/section>\n\n\n                    <style>\n                        \n\t\t\t\t#block_6522ed7be45d30c4654f28614c353dcc { color: default; }\n\t\t\t\n                    <\/style>\n                    <section id=\"block_6522ed7be45d30c4654f28614c353dcc\" class=\"relative tone-block tone-band tone-block-contentpanel content-panel contentpanel   contentpanel is-style-padded alignwide pt-0 pb-6 sm:pb-6 md:pb-8 lg:pb-14 xl:pb-26 bg-white\" style=\"\">\n    <div class=\"container \">\n\n    \n    <!-- Start: Content Panel -->\n    <div class=\"content-panel__wrapper grid items-center grid-cols-1 md:grid-cols-2 gap-y-8 md:gap-y-0 md:gap-x-8 lg:gap-x-8 xl:gap-x-10 animate__animated do__fadeIn\">\n\n        <!-- Content Panel Content -->\n        <div class=\"content-panel__content w-full order-2 md:order-1 \">\n                        \n            \n                            <h2 as=\"h4\" class=\"content-panel__heading mb-2 md:mb-4 xl:mb-6 text-2xl font-bold tracking-tight md:leading-tight xl:text-4xl\"> Radius &#8211; Badges t\u00e9l\u00e9p\u00e9age <\/h2>\n                        \n                            <div as=\"text-lg\" class=\"content-panel__copy mt-4\"> <p>Notre solution de t\u00e9l\u00e9p\u00e9age sp\u00e9cialis\u00e9e pour tous vos v\u00e9hicules poids lourds, utilitaires et l\u00e9gers rend votre voyage \u00e0 travers la France et l&#8217;Europe rapide et efficace. Nos badges de t\u00e9l\u00e9p\u00e9age automatisent tous les paiements de p\u00e9ages sur les principaux axes routiers d&#8217;Europe.<\/p>\n <\/div>\n            \n            \n                    <\/div>\n\n        <!-- Content Panel Media -->\n                    \n            \n            <div class=\"content-panel__media relative overflow-hidden aspect-w-14 aspect-h-9 content-panel__media--right order-1 md:order-2 \">\n                <div class=\" flex flex-col justify-center items-center w-full h-full\">\n\n\n                    \n                    \n                        <img loading=\"lazy\" decoding=\"async\" width=\"1024\" height=\"1024\" src=\"https:\/\/staging.radiuscompare.com\/app\/uploads\/2024\/11\/tolls-hero.svg\" class=\"content-panel__image flex w-full h-full lg:h-5\/6 object-contain max-w-xs lg:max-w-none\" alt=\"\" \/>\n\n                    \n                    <\/div>\n            <\/div>\n            <\/div>\n    <!-- End: Content Panel -->\n\n    <\/div>\n<\/section>\n\n\n                    <style>\n                        \n\t\t\t\t#block_1cf071c931cc2c2005f9d0b889f23f32 { color: default; }\n\t\t\t\n                    <\/style>\n                    <section id=\"block_1cf071c931cc2c2005f9d0b889f23f32\" class=\"relative tone-block tone-band tone-block-contentpanel content-panel contentpanel   contentpanel is-style-padded alignwide pt-0 pb-6 sm:pb-6 md:pb-8 lg:pb-14 xl:pb-26 bg-white\" style=\"\">\n    <div class=\"container \">\n\n    \n    <!-- Start: Content Panel -->\n    <div class=\"content-panel__wrapper grid items-center grid-cols-1 md:grid-cols-2 gap-y-8 md:gap-y-0 md:gap-x-8 lg:gap-x-8 xl:gap-x-10 animate__animated do__fadeIn\">\n\n        <!-- Content Panel Content -->\n        <div class=\"content-panel__content w-full order-2 md:order-2 \">\n                        \n            \n                            <h2 as=\"h4\" class=\"content-panel__heading mb-2 md:mb-4 xl:mb-6 text-2xl font-bold tracking-tight md:leading-tight xl:text-4xl\"> Radius &#8211; VE <\/h2>\n                        \n                            <div as=\"text-lg\" class=\"content-panel__copy mt-4\"> <p>La carte hybride (carburant et \u00e9lectricit\u00e9) est la carte id\u00e9ale pour les entreprises souhaitant acc\u00e9der aux meilleurs tarifs pour recharger leurs v\u00e9hicules \u00e9lectriques, faire le plein en carburant, ou les deux !<\/p>\n <\/div>\n            \n            \n                    <\/div>\n\n        <!-- Content Panel Media -->\n                    \n            \n            <div class=\"content-panel__media relative overflow-hidden aspect-w-14 aspect-h-9 content-panel__media--left order-1 md:order-1 \">\n                <div class=\" flex flex-col justify-center items-center w-full h-full\">\n\n\n                    \n                    \n                        <img loading=\"lazy\" decoding=\"async\" width=\"1024\" height=\"1024\" src=\"https:\/\/staging.radiuscompare.com\/app\/uploads\/2021\/10\/division_energy.svg\" class=\"content-panel__image flex w-full h-full lg:h-5\/6 object-contain max-w-xs lg:max-w-none\" alt=\"\" \/>\n\n                    \n                    <\/div>\n            <\/div>\n            <\/div>\n    <!-- End: Content Panel -->\n\n    <\/div>\n<\/section>\n\n","protected":false},"excerpt":{"rendered":"","protected":false},"author":29,"featured_media":0,"parent":0,"menu_order":0,"comment_status":"closed","ping_status":"closed","template":"","meta":{"inline_featured_image":false,"footnotes":""},"class_list":["post-77647","page","type-page","status-publish","hentry"],"acf":[],"_links":{"self":[{"href":"https:\/\/staging.radiuscompare.com\/fr\/wp-json\/wp\/v2\/pages\/77647","targetHints":{"allow":["GET"]}}],"collection":[{"href":"https:\/\/staging.radiuscompare.com\/fr\/wp-json\/wp\/v2\/pages"}],"about":[{"href":"https:\/\/staging.radiuscompare.com\/fr\/wp-json\/wp\/v2\/types\/page"}],"author":[{"embeddable":true,"href":"https:\/\/staging.radiuscompare.com\/fr\/wp-json\/wp\/v2\/users\/29"}],"replies":[{"embeddable":true,"href":"https:\/\/staging.radiuscompare.com\/fr\/wp-json\/wp\/v2\/comments?post=77647"}],"version-history":[{"count":0,"href":"https:\/\/staging.radiuscompare.com\/fr\/wp-json\/wp\/v2\/pages\/77647\/revisions"}],"wp:attachment":[{"href":"https:\/\/staging.radiuscompare.com\/fr\/wp-json\/wp\/v2\/media?parent=77647"}],"curies":[{"name":"wp","href":"https:\/\/api.w.org\/{rel}","templated":true}]}}