{"id":74569,"date":"2023-10-25T16:22:01","date_gmt":"2023-10-25T15:22:01","guid":{"rendered":"https:\/\/staging.radiuscompare.com\/peages\/"},"modified":"2025-12-09T08:14:47","modified_gmt":"2025-12-09T08:14:47","slug":"badges-telepeage","status":"publish","type":"page","link":"https:\/\/staging.radiuscompare.com\/fr\/badges-telepeage\/","title":{"rendered":"Badges t\u00e9l\u00e9p\u00e9age"},"content":{"rendered":"\n                    <style>\n                        \n                    <\/style>\n                    <section class=\"h-full w-full bg-cover border-t-8 overflow-x-hidden border-radius-fuel mt-2 lg:mt-5 xl:mt-1\" style=\"background-image: url('https:\/\/staging.radiuscompare.com\/app\/uploads\/2023\/06\/compare-new-banner-2.png');\">\n   <div class=\"container w-90 flex flex-wrap flex-row mx-auto mt-10 lg:pb-5 lg:px-5\">\n      <div class=\"block relative w-full sm:w-1\/2\">\n                  <!-- Image For mobile goes here... -->\n         <div class=\"block sm:hidden relative w-full m-auto\">\n            <div class=\"block relative mb-3 text-center m-auto\">\n               <img loading=\"lazy\" decoding=\"async\" width=\"974\" height=\"537\" src=\"https:\/\/staging.radiuscompare.com\/app\/uploads\/2024\/11\/fr-compare-tolls-header-image.png\" class=\"\" alt=\"\" srcset=\"https:\/\/staging.radiuscompare.com\/app\/uploads\/2024\/11\/fr-compare-tolls-header-image.png 974w, https:\/\/staging.radiuscompare.com\/app\/uploads\/2024\/11\/fr-compare-tolls-header-image-300x165.png 300w, https:\/\/staging.radiuscompare.com\/app\/uploads\/2024\/11\/fr-compare-tolls-header-image-768x423.png 768w\" sizes=\"auto, (max-width: 974px) 100vw, 974px\" \/>\n            <\/div>\n         <\/div>\n         \n         <h1 class=\"block relative text-black font-bold text-2xl lg:text-5xl leading-normal\">\n            Badges t\u00e9l\u00e9p\u00e9age : d\u00e9couvrez nos offres exclusives adapt\u00e9es \u00e0 votre entreprise\n         <\/h1>\n\n         \n         <ul class=\"block relative mt-3 text-black font-medium text-sm lg:text-lg\">\n                           <li class=\"block pb-4 ml-12\">\n                  <span class=\"absolute text-radius-fuel border border-gray-600 rounded-full p-1 left-0\">\n                     <svg class=\"block relative h-5 w-5 text-radius-fuel \" fill=\"none\" viewBox=\"0 0 24 24\" stroke=\"currentColor\">\n                        <path stroke-linecap=\"round\" stroke-linejoin=\"round\" stroke-width=\"2\" d=\"M5 13l4 4L19 7\" \/>\n                     <\/svg>\n                  <\/span>\n                  Les badges t\u00e9l\u00e9p\u00e9age adapt\u00e9s \u00e0 tous types de v\u00e9hicules\n               <\/li>\n                           <li class=\"block pb-4 ml-12\">\n                  <span class=\"absolute text-radius-fuel border border-gray-600 rounded-full p-1 left-0\">\n                     <svg class=\"block relative h-5 w-5 text-radius-fuel \" fill=\"none\" viewBox=\"0 0 24 24\" stroke=\"currentColor\">\n                        <path stroke-linecap=\"round\" stroke-linejoin=\"round\" stroke-width=\"2\" d=\"M5 13l4 4L19 7\" \/>\n                     <\/svg>\n                  <\/span>\n                  Voyagez sereinement en France et en Europe\n               <\/li>\n                           <li class=\"block pb-4 ml-12\">\n                  <span class=\"absolute text-radius-fuel border border-gray-600 rounded-full p-1 left-0\">\n                     <svg class=\"block relative h-5 w-5 text-radius-fuel \" fill=\"none\" viewBox=\"0 0 24 24\" stroke=\"currentColor\">\n                        <path stroke-linecap=\"round\" stroke-linejoin=\"round\" stroke-width=\"2\" d=\"M5 13l4 4L19 7\" \/>\n                     <\/svg>\n                  <\/span>\n                  Remises personnalis\u00e9es\n               <\/li>\n                           <li class=\"block pb-4 ml-12\">\n                  <span class=\"absolute text-radius-fuel border border-gray-600 rounded-full p-1 left-0\">\n                     <svg class=\"block relative h-5 w-5 text-radius-fuel \" fill=\"none\" viewBox=\"0 0 24 24\" stroke=\"currentColor\">\n                        <path stroke-linecap=\"round\" stroke-linejoin=\"round\" stroke-width=\"2\" d=\"M5 13l4 4L19 7\" \/>\n                     <\/svg>\n                  <\/span>\n                  Offre sans engagement\n               <\/li>\n                     <\/ul>\n\n                     <a href=\"\/fr\/badges-telepeage\/formulaire-badges-telepeage\/\" class=\"inline-block relative min-w-64 min-h-15 py-10px px-6 rounded-full bg-radius-fuel opacity-100 hover:bg-radius-fuel-dark transition ease-in-out duration-300 font-montserrat font-bold text-white text-lg text-center\">\n               Obtenir une offre\n            <\/a>\n         \n         <div class=\"block mt-7 pb-5 w-60\">\n                     <\/div>\n      <\/div>\n      <div class=\"hidden sm:block relative w-1\/2\">\n         <div class=\"block relative w-96 xl:w-544 mt-15 lg:mt-25 text-right m-auto\">\n            <img loading=\"lazy\" decoding=\"async\" width=\"974\" height=\"537\" src=\"https:\/\/staging.radiuscompare.com\/app\/uploads\/2024\/11\/fr-compare-tolls-header-image.png\" class=\"m-auto\" alt=\"\" srcset=\"https:\/\/staging.radiuscompare.com\/app\/uploads\/2024\/11\/fr-compare-tolls-header-image.png 974w, https:\/\/staging.radiuscompare.com\/app\/uploads\/2024\/11\/fr-compare-tolls-header-image-300x165.png 300w, https:\/\/staging.radiuscompare.com\/app\/uploads\/2024\/11\/fr-compare-tolls-header-image-768x423.png 768w\" sizes=\"auto, (max-width: 974px) 100vw, 974px\" \/>\n         <\/div>\n      <\/div>\n   <\/div>\n\n   <div class=\"w-full flex flex-wrap font-semibold text-center text-sm border-t border-b border-gray-600 lg:border-0 mt-12 lg:mt-0 lg:bg-radius-fuel-tint\">\n         <\/div>\n<\/section>\n\n\n\n                    <style>\n                        \n\t\t\t\t#block_ba710075708806d46363d49d4e3bbf76 { color: default; }\n\t\t\t\n                    <\/style>\n                    <section id=\"block_ba710075708806d46363d49d4e3bbf76\" class=\"relative tone-block tone-band tone-block-headingcopy heading-copy   headingcopy alignwide pt-6 sm:pt-6 md:pt-8 lg:pt-14 xl:pt-26 pb-0 bg-transparent\" style=\"\">\n<div class=\"max-w-screen-lg mx-auto px-6 md:px-12 lg:px-12 xl:px-0\"> \n\n    \n    <div class=\"container pb-6 sm:pb-6 md:pb-8 lg:pb-14 xl:pb-26\" style=\"padding-top: 0;\">\n        <div class=\"block-headings flex flex-row justify-center items-center \">\n            <div class=\"block-headings__wrapper flex flex-col justify-center items-center\">\n                                                            <h2 as=\"h4\" class=\"pb-10 md:block block-headings__block-title text-center font-semibold no-padding\"> Offres actuelles <\/h2>\n                                                                <\/div>\n                    <\/div>\n    <\/div>\n\n    \n<\/div>\n\n<\/section>  \n\n\n                    <style>\n                        \n\t\t\t\t#block_682483033a5c39ecceaa055dc94b79bf { color: default; }\n\t\t\t\n                    <\/style>\n                    <section id=\"block_682483033a5c39ecceaa055dc94b79bf\" class=\"relative tone-block tone-band tone-block-contentpanel content-panel contentpanel   contentpanel is-style-ticks alignwide pt-0 pb-6 sm:pb-6 md:pb-8 lg:pb-14 xl:pb-26 bg-transparent\" style=\"\">\n    <div class=\"container \">\n\n    \n    <!-- Start: Content Panel -->\n    <div class=\"content-panel__wrapper grid items-center grid-cols-1 md:grid-cols-2 gap-y-8 md:gap-y-0 md:gap-x-8 lg:gap-x-8 xl:gap-x-10 animate__animated do__fadeIn\">\n\n        <!-- Content Panel Content -->\n        <div class=\"content-panel__content w-full order-2 md:order-1 \">\n                        \n            \n                            <h2 as=\"h4\" class=\"content-panel__heading mb-2 md:mb-4 xl:mb-6 text-2xl font-bold tracking-tight md:leading-tight xl:text-4xl\"> Badge EETS : Le badge t\u00e9l\u00e9p\u00e9age adapt\u00e9 \u00e0 vos v\u00e9hicules poids lourds (+3,5T) <\/h2>\n                        \n                            <div as=\"text-lg\" class=\"content-panel__copy mt-4\"> <ul>\n<li>Profitez d\u2019un acc\u00e8s \u00e0 de nombreux pays europ\u00e9ens : Allemagne, Autriche, Belgique, Espagne, France, Italie, Portugal et Suisse<\/li>\n<li>Les ponts : Danemark et Su\u00e8de (Scandinavie)<\/li>\n<li>Les tunnels : Liefkenshoek (Belgique), Warnow et Herren (Allemagne)<\/li>\n<li>Toutes vos d\u00e9penses sur une seule et unique facture Radius<\/li>\n<li>Installation simple : se charge via l\u2019allume-cigare ou la batterie<\/li>\n<li>Compatible avec v\u00e9hicules sup\u00e9rieur \u00e0 3,5t<\/li>\n<li>Discret sur le pare-brise<\/li>\n<\/ul>\n <\/div>\n            \n                            <div class=\"mt-4 md:mt-6\">\n                <div class=\"wp-block-buttons content-panel__button-group flex flex-row space-x-2 sm:flex-nowrap\">\n                                    <div class=\"tone-block-button\">\n    <a class=\"tone-block-button__link button button--fuel w-full sm:w-auto \" target=\"\" href=\"\/fr\/badges-telepeage\/formulaire-badges-telepeage\/\">Obtenir une offre<\/a>\n<\/div>                \n            <\/div>\n                <\/div>\n            \n                    <\/div>\n\n        <!-- Content Panel Media -->\n                    \n            \n            <div class=\"content-panel__media relative overflow-hidden aspect-w-14 aspect-h-9 content-panel__media--right order-1 md:order-2 \">\n                <div class=\" flex flex-col justify-center items-center w-full h-full\">\n\n\n                    \n                    \n                        <img loading=\"lazy\" decoding=\"async\" width=\"600\" height=\"600\" src=\"https:\/\/staging.radiuscompare.com\/app\/uploads\/2024\/11\/fr-compare-eets.jpg\" class=\"content-panel__image flex w-full h-full lg:h-5\/6 object-contain max-w-xs lg:max-w-none\" alt=\"\" srcset=\"https:\/\/staging.radiuscompare.com\/app\/uploads\/2024\/11\/fr-compare-eets.jpg 600w, https:\/\/staging.radiuscompare.com\/app\/uploads\/2024\/11\/fr-compare-eets-300x300.jpg 300w, https:\/\/staging.radiuscompare.com\/app\/uploads\/2024\/11\/fr-compare-eets-150x150.jpg 150w\" sizes=\"auto, (max-width: 600px) 100vw, 600px\" \/>\n\n                    \n                    <\/div>\n            <\/div>\n            <\/div>\n    <!-- End: Content Panel -->\n\n    <\/div>\n<\/section>\n\n\n                    <style>\n                        \n\t\t\t\t#block_536f9c3c32f9abad2b860eed03710092 { color: default; }\n\t\t\t\n                    <\/style>\n                    <section id=\"block_536f9c3c32f9abad2b860eed03710092\" class=\"relative tone-block tone-band tone-block-contentpanel content-panel contentpanel   contentpanel is-style-ticks alignwide pt-0 pb-6 sm:pb-6 md:pb-8 lg:pb-14 xl:pb-26 bg-transparent\" style=\"\">\n    <div class=\"container \">\n\n    \n    <!-- Start: Content Panel -->\n    <div class=\"content-panel__wrapper grid items-center grid-cols-1 md:grid-cols-2 gap-y-8 md:gap-y-0 md:gap-x-8 lg:gap-x-8 xl:gap-x-10 animate__animated do__fadeIn\">\n\n        <!-- Content Panel Content -->\n        <div class=\"content-panel__content w-full order-2 md:order-2 \">\n                        \n            \n                            <h2 as=\"h4\" class=\"content-panel__heading mb-2 md:mb-4 xl:mb-6 text-2xl font-bold tracking-tight md:leading-tight xl:text-4xl\"> Badge T-Pass : Roulez sans vous arr\u00eater au t\u00e9l\u00e9p\u00e9age dans toute la France (-3,5T) <\/h2>\n                        \n                            <div as=\"text-lg\" class=\"content-panel__copy mt-4\"> <ul>\n<li>Voyagez en toute simplicit\u00e9 dans toute la France<\/li>\n<li>Acc\u00e8s aux parkings dot\u00e9s d\u2019un mat\u00e9riel de d\u00e9tection des badges<\/li>\n<li>Empruntez de nombreux ouvrages \u00e0 p\u00e9ages tels que le Viaduc de Millau, le Pont de Tancarville, le Pont de Normandie etc.<\/li>\n<li>Toutes vos d\u00e9penses sur une seule et unique facture Radius<\/li>\n<li>Compatible avec v\u00e9hicules inf\u00e9rieur \u00e0 3,5T et 3m de haut<\/li>\n<li><span class=\"colour\"><span class=\"colour\">Installation<\/span><\/span>\u00a0simple, sans c\u00e2bles ni branchements<\/li>\n<li><span class=\"colour\"><span class=\"colour\">Discret sur le pare-brise<\/span><\/span><\/li>\n<\/ul>\n <\/div>\n            \n                            <div class=\"mt-4 md:mt-6\">\n                <div class=\"wp-block-buttons content-panel__button-group flex flex-row space-x-2 sm:flex-nowrap\">\n                                    <div class=\"tone-block-button\">\n    <a class=\"tone-block-button__link button button--fuel w-full sm:w-auto \" target=\"\" href=\"\/fr\/badges-telepeage\/formulaire-badges-telepeage\/\">Obtenir une offre<\/a>\n<\/div>                \n            <\/div>\n                <\/div>\n            \n                    <\/div>\n\n        <!-- Content Panel Media -->\n                    \n            \n            <div class=\"content-panel__media relative overflow-hidden aspect-w-14 aspect-h-9 content-panel__media--left order-1 md:order-1 \">\n                <div class=\" flex flex-col justify-center items-center w-full h-full\">\n\n\n                    \n                    \n                        <img loading=\"lazy\" decoding=\"async\" width=\"600\" height=\"600\" src=\"https:\/\/staging.radiuscompare.com\/app\/uploads\/2024\/11\/fr-compare-t-pass.jpg\" class=\"content-panel__image flex w-full h-full lg:h-5\/6 object-contain max-w-xs lg:max-w-none\" alt=\"\" srcset=\"https:\/\/staging.radiuscompare.com\/app\/uploads\/2024\/11\/fr-compare-t-pass.jpg 600w, https:\/\/staging.radiuscompare.com\/app\/uploads\/2024\/11\/fr-compare-t-pass-300x300.jpg 300w, https:\/\/staging.radiuscompare.com\/app\/uploads\/2024\/11\/fr-compare-t-pass-150x150.jpg 150w\" sizes=\"auto, (max-width: 600px) 100vw, 600px\" \/>\n\n                    \n                    <\/div>\n            <\/div>\n            <\/div>\n    <!-- End: Content Panel -->\n\n    <\/div>\n<\/section>\n\n\n                    <style>\n                        \n\t\t\t\t#block_8cf0232b2f5d7c47294b3a3b6d0a7510 { color: default; }\n\t\t\t\n                    <\/style>\n                    <section id=\"block_8cf0232b2f5d7c47294b3a3b6d0a7510\" class=\"relative tone-block tone-band tone-block-contentpanel content-panel contentpanel   contentpanel is-style-ticks alignwide pt-0 pb-6 sm:pb-6 md:pb-8 lg:pb-14 xl:pb-26 bg-transparent\" style=\"\">\n    <div class=\"container \">\n\n    \n    <!-- Start: Content Panel -->\n    <div class=\"content-panel__wrapper grid items-center grid-cols-1 md:grid-cols-2 gap-y-8 md:gap-y-0 md:gap-x-8 lg:gap-x-8 xl:gap-x-10 animate__animated do__fadeIn\">\n\n        <!-- Content Panel Content -->\n        <div class=\"content-panel__content w-full order-2 md:order-1 \">\n                        \n            \n                            <h2 as=\"h4\" class=\"content-panel__heading mb-2 md:mb-4 xl:mb-6 text-2xl font-bold tracking-tight md:leading-tight xl:text-4xl\"> Badge Med Pass : Solutions sp\u00e9cialis\u00e9e pour vos d\u00e9placements en France et en Europe (-3,5T) <\/h2>\n                        \n                            <div as=\"text-lg\" class=\"content-panel__copy mt-4\"> <ul>\n<li>Profitez d\u2019un acc\u00e8s \u00e0 5 pays europ\u00e9ens : Croatie, Espagne, France, Italie et Portugal<\/li>\n<li>Acc\u00e9dez aux parkings dot\u00e9s d\u2019un mat\u00e9riel de d\u00e9tection des badges : France (381 parkings), Italie (97 parkings), Espagne (88 parkings), Portugal (179 parkings) et Ferry : D\u00e9troit de Messine en Italie.<\/li>\n<li>Toutes vos d\u00e9penses sur une seule et unique facture Radius<\/li>\n<li>Compatible avec v\u00e9hicules inf\u00e9rieur \u00e0 3,5T et 3m de haut<\/li>\n<li><span class=\"colour\"><span class=\"colour\">Installation<\/span><\/span>\u00a0simple, sans c\u00e2bles ni branchements<\/li>\n<\/ul>\n <\/div>\n            \n                            <div class=\"mt-4 md:mt-6\">\n                <div class=\"wp-block-buttons content-panel__button-group flex flex-row space-x-2 sm:flex-nowrap\">\n                                    <div class=\"tone-block-button\">\n    <a class=\"tone-block-button__link button button--fuel w-full sm:w-auto \" target=\"\" href=\"\/fr\/badges-telepeage\/formulaire-badges-telepeage\/\">Obtenir une offre<\/a>\n<\/div>                \n            <\/div>\n                <\/div>\n            \n                    <\/div>\n\n        <!-- Content Panel Media -->\n                    \n            \n            <div class=\"content-panel__media relative overflow-hidden aspect-w-14 aspect-h-9 content-panel__media--right order-1 md:order-2 \">\n                <div class=\" flex flex-col justify-center items-center w-full h-full\">\n\n\n                    \n                    \n                        <img loading=\"lazy\" decoding=\"async\" width=\"600\" height=\"600\" src=\"https:\/\/staging.radiuscompare.com\/app\/uploads\/2024\/11\/fr-compare-med-pass.jpg\" class=\"content-panel__image flex w-full h-full lg:h-5\/6 object-contain max-w-xs lg:max-w-none\" alt=\"\" srcset=\"https:\/\/staging.radiuscompare.com\/app\/uploads\/2024\/11\/fr-compare-med-pass.jpg 600w, https:\/\/staging.radiuscompare.com\/app\/uploads\/2024\/11\/fr-compare-med-pass-300x300.jpg 300w, https:\/\/staging.radiuscompare.com\/app\/uploads\/2024\/11\/fr-compare-med-pass-150x150.jpg 150w\" sizes=\"auto, (max-width: 600px) 100vw, 600px\" \/>\n\n                    \n                    <\/div>\n            <\/div>\n            <\/div>\n    <!-- End: Content Panel -->\n\n    <\/div>\n<\/section>\n\n\n<div class=\"wp-block-group alignwide\" id=\"forward-facing\"><div class=\"wp-block-group__inner-container is-layout-flow wp-block-group-is-layout-flow\">\n<div class=\"wp-block-group alignwide\" id=\"forward-facing\"><div class=\"wp-block-group__inner-container is-layout-flow wp-block-group-is-layout-flow\">\n<div class=\"wp-block-group alignwide\" id=\"Cam\u00e9ras-avant\"><div class=\"wp-block-group__inner-container is-layout-flow wp-block-group-is-layout-flow\">\n                    <style>\n                        \n\t\t\t\t#block_a3b3f00a24329514ada87a7b610e02e8 { color: default; }\n\t\t\t\n                    <\/style>\n                    <section id=\"block_a3b3f00a24329514ada87a7b610e02e8\" class=\"relative tone-block tone-band tone-block-contentpanel content-panel contentpanel   contentpanel is-style-ticks alignwide pt-8 sm:pt-10 md:pt-14 lg:pt-14 xl:pt-20 pb-8 sm:pb-10 md:pb-14 lg:pb-14 xl:pb-20 bg-transparent\" style=\"\">\n    <div class=\"container \">\n\n    \n    <!-- Start: Content Panel -->\n    <div class=\"content-panel__wrapper grid items-center grid-cols-1 md:grid-cols-2 gap-y-8 md:gap-y-0 md:gap-x-8 lg:gap-x-8 xl:gap-x-10 animate__animated do__fadeIn\">\n\n        <!-- Content Panel Content -->\n        <div class=\"content-panel__content w-full order-2 md:order-2 \">\n                        \n            \n                            <h2 as=\"h4\" class=\"content-panel__heading mb-2 md:mb-4 xl:mb-6 text-2xl font-bold tracking-tight md:leading-tight xl:text-4xl\"> R\u00e9cup\u00e9rez la TVA et les droits d&#8217;accises \u00e0 l&#8217;international <\/h2>\n                        \n                            <div as=\"text-lg\" class=\"content-panel__copy mt-4\"> <ul>\n<li><span style=\"font-size: medium;\">Notre partenaire s&#8217;occupe de vos r\u00e9clamations<\/span><\/li>\n<li><span style=\"font-size: medium;\">Simplifiez vos t\u00e2ches administratives<\/span><\/li>\n<li><span style=\"font-size: medium;\">Remboursements trimestriels*<\/span><\/li>\n<\/ul>\n <\/div>\n            \n                            <div class=\"mt-4 md:mt-6\">\n                <div class=\"wp-block-buttons content-panel__button-group flex flex-row space-x-2 sm:flex-nowrap\">\n                                    <div class=\"tone-block-button\">\n    <a class=\"tone-block-button__link button button--fuel w-full sm:w-auto \" target=\"\" href=\"\/fr\/badges-telepeage\/formulaire-badges-telepeage\/\">Obtenir une offre<\/a>\n<\/div>                \n            <\/div>\n                <\/div>\n            \n                    <\/div>\n\n        <!-- Content Panel Media -->\n                    \n            \n            <div class=\"content-panel__media relative overflow-hidden aspect-w-14 aspect-h-9 content-panel__media--left order-1 md:order-1 \">\n                <div class=\" flex flex-col justify-center items-center w-full h-full\">\n\n\n                    \n                    \n                        <img loading=\"lazy\" decoding=\"async\" width=\"700\" height=\"700\" src=\"https:\/\/staging.radiuscompare.com\/app\/uploads\/2024\/11\/TVA.jpg\" class=\"content-panel__image flex w-full h-full lg:h-5\/6 object-contain max-w-xs lg:max-w-none\" alt=\"\" srcset=\"https:\/\/staging.radiuscompare.com\/app\/uploads\/2024\/11\/TVA.jpg 700w, https:\/\/staging.radiuscompare.com\/app\/uploads\/2024\/11\/TVA-300x300.jpg 300w, https:\/\/staging.radiuscompare.com\/app\/uploads\/2024\/11\/TVA-150x150.jpg 150w\" sizes=\"auto, (max-width: 700px) 100vw, 700px\" \/>\n\n                    \n                    <\/div>\n            <\/div>\n            <\/div>\n    <!-- End: Content Panel -->\n\n    <\/div>\n<\/section><\/div><\/div>\n<\/div><\/div>\n<\/div><\/div>\n\n\n\n<div class=\"wp-block-group alignwide\" id=\"dual-facing\"><div class=\"wp-block-group__inner-container is-layout-flow wp-block-group-is-layout-flow\">\n<div class=\"wp-block-group alignwide\" id=\"Double-face\"><div class=\"wp-block-group__inner-container is-layout-flow wp-block-group-is-layout-flow\">\n<div class=\"wp-block-group alignwide\" id=\"Cam\u00e9ras-double-face\"><div class=\"wp-block-group__inner-container is-layout-flow wp-block-group-is-layout-flow\"><\/div><\/div>\n<\/div><\/div>\n<\/div><\/div>\n\n\n\n<div class=\"wp-block-group alignwide\" id=\"multi-cam\"><div class=\"wp-block-group__inner-container is-layout-flow wp-block-group-is-layout-flow\">\n<div class=\"wp-block-group alignwide\" id=\"Cam\u00e9ra-multiple\"><div class=\"wp-block-group__inner-container is-layout-flow wp-block-group-is-layout-flow\">\n<div class=\"wp-block-group alignwide\" id=\"Multi-cam\u00e9ras\"><div class=\"wp-block-group__inner-container is-layout-flow wp-block-group-is-layout-flow\"><\/div><\/div>\n<\/div><\/div>\n<\/div><\/div>\n\n\n\n<div style=\"height:30px\" aria-hidden=\"true\" class=\"wp-block-spacer\"><\/div>\n\n\n\n<div style=\"height:23px\" aria-hidden=\"true\" class=\"wp-block-spacer\"><\/div>\n\n\n\n<p class=\"has-text-align-center has-huge-font-size\"><strong><strong>Besoin d&#8217;aide ?<\/strong><\/strong><\/p>\n\n\n\n<p class=\"has-text-align-center\">Remplissez ce <u><a href=\"https:\/\/staging.radiuscompare.com\/fr\/contactez-nous\/\">formulaire de contact<\/a><\/u> et nous prendrons contact avec vous dans les plus brefs d\u00e9lais.<\/p>\n\n\n\n<div style=\"height:30px\" aria-hidden=\"true\" class=\"wp-block-spacer\"><\/div>\n","protected":false},"excerpt":{"rendered":"","protected":false},"author":29,"featured_media":0,"parent":0,"menu_order":0,"comment_status":"closed","ping_status":"closed","template":"","meta":{"inline_featured_image":false,"footnotes":""},"class_list":["post-74569","page","type-page","status-publish","hentry"],"acf":[],"_links":{"self":[{"href":"https:\/\/staging.radiuscompare.com\/fr\/wp-json\/wp\/v2\/pages\/74569","targetHints":{"allow":["GET"]}}],"collection":[{"href":"https:\/\/staging.radiuscompare.com\/fr\/wp-json\/wp\/v2\/pages"}],"about":[{"href":"https:\/\/staging.radiuscompare.com\/fr\/wp-json\/wp\/v2\/types\/page"}],"author":[{"embeddable":true,"href":"https:\/\/staging.radiuscompare.com\/fr\/wp-json\/wp\/v2\/users\/29"}],"replies":[{"embeddable":true,"href":"https:\/\/staging.radiuscompare.com\/fr\/wp-json\/wp\/v2\/comments?post=74569"}],"version-history":[{"count":0,"href":"https:\/\/staging.radiuscompare.com\/fr\/wp-json\/wp\/v2\/pages\/74569\/revisions"}],"wp:attachment":[{"href":"https:\/\/staging.radiuscompare.com\/fr\/wp-json\/wp\/v2\/media?parent=74569"}],"curies":[{"name":"wp","href":"https:\/\/api.w.org\/{rel}","templated":true}]}}