{"id":73057,"date":"2023-10-25T16:22:01","date_gmt":"2023-10-25T15:22:01","guid":{"rendered":"https:\/\/staging.radiuscompare.com\/?page_id=73057"},"modified":"2024-03-21T15:21:46","modified_gmt":"2024-03-21T15:21:46","slug":"peages","status":"publish","type":"page","link":"https:\/\/staging.radiuscompare.com\/fr-be\/peages\/","title":{"rendered":"peages"},"content":{"rendered":"\n                    <style>\n                        \n                    <\/style>\n                    <section class=\"h-full w-full bg-cover border-t-8 overflow-x-hidden border-radius-fuel mt-2 lg:mt-5 xl:mt-1\" style=\"background-image: url('https:\/\/staging.radiuscompare.com\/app\/uploads\/2023\/06\/compare-new-banner-2.png');\">\n   <div class=\"container w-90 flex flex-wrap flex-row mx-auto mt-10 lg:pb-5 lg:px-5\">\n      <div class=\"block relative w-full sm:w-1\/2\">\n                  <!-- Image For mobile goes here... -->\n         <div class=\"block sm:hidden relative w-full m-auto\">\n            <div class=\"block relative mb-3 text-center m-auto\">\n               <img loading=\"lazy\" decoding=\"async\" width=\"974\" height=\"537\" src=\"https:\/\/staging.radiuscompare.com\/app\/uploads\/2023\/08\/MSD-965-Tolls-Header-DE.png\" class=\"\" alt=\"\" srcset=\"https:\/\/staging.radiuscompare.com\/app\/uploads\/2023\/08\/MSD-965-Tolls-Header-DE.png 974w, https:\/\/staging.radiuscompare.com\/app\/uploads\/2023\/08\/MSD-965-Tolls-Header-DE-300x165.png 300w, https:\/\/staging.radiuscompare.com\/app\/uploads\/2023\/08\/MSD-965-Tolls-Header-DE-768x423.png 768w\" sizes=\"auto, (max-width: 974px) 100vw, 974px\" \/>\n            <\/div>\n         <\/div>\n         \n         <h1 class=\"block relative text-black font-bold text-2xl lg:text-5xl leading-normal\">\n            La solution de p\u00e9age pour votre flotte (+3.5T)\n         <\/h1>\n\n         \n         <ul class=\"block relative mt-3 text-black font-medium text-sm lg:text-lg\">\n                           <li class=\"block pb-4 ml-12\">\n                  <span class=\"absolute text-radius-fuel border border-gray-600 rounded-full p-1 left-0\">\n                     <svg class=\"block relative h-5 w-5 text-radius-fuel \" fill=\"none\" viewBox=\"0 0 24 24\" stroke=\"currentColor\">\n                        <path stroke-linecap=\"round\" stroke-linejoin=\"round\" stroke-width=\"2\" d=\"M5 13l4 4L19 7\" \/>\n                     <\/svg>\n                  <\/span>\n                  Service de p\u00e9age pour la Belgique et l&#039;Europe\n               <\/li>\n                           <li class=\"block pb-4 ml-12\">\n                  <span class=\"absolute text-radius-fuel border border-gray-600 rounded-full p-1 left-0\">\n                     <svg class=\"block relative h-5 w-5 text-radius-fuel \" fill=\"none\" viewBox=\"0 0 24 24\" stroke=\"currentColor\">\n                        <path stroke-linecap=\"round\" stroke-linejoin=\"round\" stroke-width=\"2\" d=\"M5 13l4 4L19 7\" \/>\n                     <\/svg>\n                  <\/span>\n                  Principe Plug &amp; Play\n               <\/li>\n                           <li class=\"block pb-4 ml-12\">\n                  <span class=\"absolute text-radius-fuel border border-gray-600 rounded-full p-1 left-0\">\n                     <svg class=\"block relative h-5 w-5 text-radius-fuel \" fill=\"none\" viewBox=\"0 0 24 24\" stroke=\"currentColor\">\n                        <path stroke-linecap=\"round\" stroke-linejoin=\"round\" stroke-width=\"2\" d=\"M5 13l4 4L19 7\" \/>\n                     <\/svg>\n                  <\/span>\n                  Actuellement 3 mois sans frais d&#039;abonnement\n               <\/li>\n                     <\/ul>\n\n                     <a href=\"\/fr-be\/peages\/peages-tva-form\/\" class=\"inline-block relative min-w-64 min-h-15 py-10px px-6 rounded-full bg-radius-fuel opacity-100 hover:bg-radius-fuel-dark transition ease-in-out duration-300 font-montserrat font-bold text-white text-lg text-center\">\n               Demandez votre bo\u00eetier de p\u00e9age\n            <\/a>\n         \n         <div class=\"block mt-7 pb-5 w-60\">\n                     <\/div>\n      <\/div>\n      <div class=\"hidden sm:block relative w-1\/2\">\n         <div class=\"block relative w-96 xl:w-544 mt-15 lg:mt-25 text-right m-auto\">\n            <img loading=\"lazy\" decoding=\"async\" width=\"974\" height=\"537\" src=\"https:\/\/staging.radiuscompare.com\/app\/uploads\/2023\/08\/MSD-965-Tolls-Header-DE.png\" class=\"m-auto\" alt=\"\" srcset=\"https:\/\/staging.radiuscompare.com\/app\/uploads\/2023\/08\/MSD-965-Tolls-Header-DE.png 974w, https:\/\/staging.radiuscompare.com\/app\/uploads\/2023\/08\/MSD-965-Tolls-Header-DE-300x165.png 300w, https:\/\/staging.radiuscompare.com\/app\/uploads\/2023\/08\/MSD-965-Tolls-Header-DE-768x423.png 768w\" sizes=\"auto, (max-width: 974px) 100vw, 974px\" \/>\n         <\/div>\n      <\/div>\n   <\/div>\n\n   <div class=\"w-full flex flex-wrap font-semibold text-center text-sm border-t border-b border-gray-600 lg:border-0 mt-12 lg:mt-0 lg:bg-radius-fuel-tint\">\n         <\/div>\n<\/section>\n\n\n\n                    <style>\n                        \n\t\t\t\t#block_aeafdf2675250f1f4682f99382a969bb { color: default; }\n\t\t\t\n                    <\/style>\n                    <section id=\"block_aeafdf2675250f1f4682f99382a969bb\" class=\"relative tone-block tone-band tone-block-headingcopy heading-copy   headingcopy alignwide pt-8 sm:pt-10 md:pt-14 lg:pt-14 xl:pt-20 pb-0 bg-transparent\" style=\"\">\n<div class=\"max-w-screen-lg mx-auto px-6 md:px-12 lg:px-12 xl:px-0\"> \n\n    \n    <div class=\"container pb-8 sm:pb-10 md:pb-14 lg:pb-14 xl:pb-20\" style=\"padding-top: 0;\">\n        <div class=\"block-headings flex flex-row justify-center items-center \">\n            <div class=\"block-headings__wrapper flex flex-col justify-center items-center\">\n                                                            <h2 as=\"h4\" class=\"pb-10 md:block block-headings__block-title text-center font-semibold no-padding\"> Current offers <\/h2>\n                                                                <\/div>\n                    <\/div>\n    <\/div>\n\n    \n<\/div>\n\n<\/section>  \n\n\n                    <style>\n                        \n                    <\/style>\n                    <div class=\"container offers-list\">\n    <ul class=\"division-grid flex flex-wrap justify-center\">\n                                <li class=\"deal-item w-full md:w-1\/2 lg:w-1\/3 md:px-3 mb-10\">\n    <div class=\"h-full p-4 pt-0 flex flex-col border shadow-xl rounded\">\n        \n        \n        <h3 class=\"text-2xl md:text-2xl leading-8 pb-0 text-center px-3 mt-4\">\n            peages\n        <\/h3>\n\n        <img decoding=\"async\" src=\"\" alt=\"\" class=\"py-3 px-6 md:py-4 w-full\">\n\n        <div class=\"deal-details mt-auto\">\n            \n            \n                    <\/div>\n\n        <div class=\"alignment-margin\"><\/div>\n\n        <div class=\"grid grid-cols-1 gap-3 pt-3\">\n                    <\/div>\n    <\/div>\n<\/li>\n                                <li class=\"deal-item w-full md:w-1\/2 lg:w-1\/3 md:px-3 mb-10\">\n    <div class=\"h-full p-4 pt-0 flex flex-col border shadow-xl rounded\">\n        \n        \n        <h3 class=\"text-2xl md:text-2xl leading-8 pb-0 text-center px-3 mt-4\">\n            peages\n        <\/h3>\n\n        <img decoding=\"async\" src=\"\" alt=\"\" class=\"py-3 px-6 md:py-4 w-full\">\n\n        <div class=\"deal-details mt-auto\">\n            \n            \n                    <\/div>\n\n        <div class=\"alignment-margin\"><\/div>\n\n        <div class=\"grid grid-cols-1 gap-3 pt-3\">\n                    <\/div>\n    <\/div>\n<\/li>\n                                <li class=\"deal-item w-full md:w-1\/2 lg:w-1\/3 md:px-3 mb-10\">\n    <div class=\"h-full p-4 pt-0 flex flex-col border shadow-xl rounded\">\n        \n        \n        <h3 class=\"text-2xl md:text-2xl leading-8 pb-0 text-center px-3 mt-4\">\n            peages\n        <\/h3>\n\n        <img decoding=\"async\" src=\"\" alt=\"\" class=\"py-3 px-6 md:py-4 w-full\">\n\n        <div class=\"deal-details mt-auto\">\n            \n            \n                    <\/div>\n\n        <div class=\"alignment-margin\"><\/div>\n\n        <div class=\"grid grid-cols-1 gap-3 pt-3\">\n                    <\/div>\n    <\/div>\n<\/li>\n            <\/ul>\n            \n                    <div class=\"flex mt-6 mb-12\">\n                <a class=\"text-base text-center rounded px-10 py-2 bg-radius-fuel text-white font-bold mx-auto\"\n                    target=\"\" href=\"https:\/\/staging.radiuscompare.com\/fr-be\/offres-actuelles\/#p\u00e9ages\">Show more offers<\/a>\n            <\/div>\n            <\/div>\n\n\n\n                    <style>\n                        \n\t\t\t\t#block_4d9c4143565b8c2219005748ca583808 { color: default; }\n\t\t\t\n                    <\/style>\n                    <section id=\"block_4d9c4143565b8c2219005748ca583808\" class=\"relative tone-block tone-band tone-block-headingcopy heading-copy   headingcopy alignwide pt-6 sm:pt-6 md:pt-8 lg:pt-14 xl:pt-26 pb-0 bg-transparent\" style=\"\">\n<div class=\"max-w-screen-lg mx-auto px-6 md:px-12 lg:px-12 xl:px-0\"> \n\n    \n    <div class=\"container pb-6 sm:pb-6 md:pb-8 lg:pb-14 xl:pb-26\" style=\"padding-top: 0;\">\n        <div class=\"block-headings flex flex-row justify-center items-center \">\n            <div class=\"block-headings__wrapper flex flex-col justify-center items-center\">\n                                                            <h2 as=\"h4\" class=\"pb-10 md:block block-headings__block-title text-center font-semibold no-padding\"> Promotion actuelle <\/h2>\n                                                                <\/div>\n                    <\/div>\n    <\/div>\n\n    \n<\/div>\n\n<\/section>  \n\n\n                    <style>\n                        \n\t\t\t\t#block_bccb6395f7d7cebcfbbfed994cb42909 { color: default; }\n\t\t\t\n                    <\/style>\n                    <section id=\"block_bccb6395f7d7cebcfbbfed994cb42909\" class=\"relative tone-block tone-band tone-block-contentpanel content-panel contentpanel   contentpanel is-style-ticks alignwide pt-0 pb-6 sm:pb-6 md:pb-8 lg:pb-14 xl:pb-26 bg-transparent\" style=\"\">\n    <div class=\"container \">\n\n    \n    <!-- Start: Content Panel -->\n    <div class=\"content-panel__wrapper grid items-center grid-cols-1 md:grid-cols-2 gap-y-8 md:gap-y-0 md:gap-x-8 lg:gap-x-8 xl:gap-x-10 animate__animated do__fadeIn\">\n\n        <!-- Content Panel Content -->\n        <div class=\"content-panel__content w-full order-2 md:order-1 \">\n                        \n            \n                            <h2 as=\"h4\" class=\"content-panel__heading mb-2 md:mb-4 xl:mb-6 text-2xl font-bold tracking-tight md:leading-tight xl:text-4xl\"> Voyagez sans souci dans toute l&#8217;Europe avec le bo\u00eetier de p\u00e9age EETS*. <\/h2>\n                        \n                            <div as=\"text-lg\" class=\"content-panel__copy mt-4\"> <ul>\n<li><span style=\"font-size: medium;\">Acc\u00e8s aux voies rapides lors du passage au p\u00e9age<\/span><\/li>\n<li><span style=\"font-size: medium;\">Une seule facture pour tous les co\u00fbts de votre flotte<\/span><\/li>\n<li><span style=\"font-size: medium;\">Personnalisez votre bo\u00eetier de p\u00e9age en fonction des besoins de votre flotte<\/span><\/li>\n<\/ul>\n <\/div>\n            \n                            <div class=\"mt-4 md:mt-6\">\n                <div class=\"wp-block-buttons content-panel__button-group flex flex-row space-x-2 sm:flex-nowrap\">\n                                    <div class=\"tone-block-button\">\n    <a class=\"tone-block-button__link button button--fuel w-full sm:w-auto \" target=\"\" href=\"\/fr-be\/peages\/peages-tva-form\/\">Demandez une offre<\/a>\n<\/div>                \n            <\/div>\n                <\/div>\n            \n                    <\/div>\n\n        <!-- Content Panel Media -->\n                    \n            \n            <div class=\"content-panel__media relative overflow-hidden aspect-w-14 aspect-h-9 content-panel__media--right order-1 md:order-2 \">\n                <div class=\" flex flex-col justify-center items-center w-full h-full\">\n\n\n                    \n                    \n                        <img loading=\"lazy\" decoding=\"async\" width=\"1\" height=\"1\" src=\"https:\/\/staging.radiuscompare.com\/app\/uploads\/2023\/06\/MSD-2461-Quarterly-Offers-NL_Artboard-3-1.svg\" class=\"content-panel__image flex w-full h-full lg:h-5\/6 object-contain max-w-xs lg:max-w-none\" alt=\"\" \/>\n\n                    \n                    <\/div>\n            <\/div>\n            <\/div>\n    <!-- End: Content Panel -->\n\n    <\/div>\n<\/section>\n\n\n<div class=\"wp-block-group alignwide\" id=\"forward-facing\"><div class=\"wp-block-group__inner-container is-layout-flow wp-block-group-is-layout-flow\">\n<div class=\"wp-block-group alignwide\" id=\"forward-facing\"><div class=\"wp-block-group__inner-container is-layout-flow wp-block-group-is-layout-flow\">\n<div class=\"wp-block-group alignwide\" id=\"Cam\u00e9ras-avant\"><div class=\"wp-block-group__inner-container is-layout-flow wp-block-group-is-layout-flow\">\n                    <style>\n                        \n\t\t\t\t#block_9fcf01dad8eb37e71e9431ea03c6806e { color: default; }\n\t\t\t\n                    <\/style>\n                    <section id=\"block_9fcf01dad8eb37e71e9431ea03c6806e\" class=\"relative tone-block tone-band tone-block-contentpanel content-panel contentpanel   contentpanel is-style-ticks alignwide pt-8 sm:pt-10 md:pt-14 lg:pt-14 xl:pt-20 pb-8 sm:pb-10 md:pb-14 lg:pb-14 xl:pb-20 bg-transparent\" style=\"\">\n    <div class=\"container \">\n\n    \n    <!-- Start: Content Panel -->\n    <div class=\"content-panel__wrapper grid items-center grid-cols-1 md:grid-cols-2 gap-y-8 md:gap-y-0 md:gap-x-8 lg:gap-x-8 xl:gap-x-10 animate__animated do__fadeIn\">\n\n        <!-- Content Panel Content -->\n        <div class=\"content-panel__content w-full order-2 md:order-2 \">\n                        \n            \n                            <h2 as=\"h4\" class=\"content-panel__heading mb-2 md:mb-4 xl:mb-6 text-2xl font-bold tracking-tight md:leading-tight xl:text-4xl\"> R\u00e9cup\u00e9rez la TVA et les droits d&#8217;accises internationaux <\/h2>\n                        \n                            <div as=\"text-lg\" class=\"content-panel__copy mt-4\"> <ul>\n<li><span style=\"font-size: medium;\">Notre partenaire s&#8217;occupe de vos r\u00e9clamations<\/span><\/li>\n<li><span style=\"font-size: medium;\">Simplifiez vos t\u00e2ches administratives<\/span><\/li>\n<li><span style=\"font-size: medium;\">Remboursements trimestriels*<\/span><\/li>\n<\/ul>\n <\/div>\n            \n                            <div class=\"mt-4 md:mt-6\">\n                <div class=\"wp-block-buttons content-panel__button-group flex flex-row space-x-2 sm:flex-nowrap\">\n                                    <div class=\"tone-block-button\">\n    <a class=\"tone-block-button__link button button--fuel w-full sm:w-auto \" target=\"\" href=\"\/fr-be\/peages\/peages-tva-form\/\">Demandez une offre<\/a>\n<\/div>                \n            <\/div>\n                <\/div>\n            \n                    <\/div>\n\n        <!-- Content Panel Media -->\n                    \n            \n            <div class=\"content-panel__media relative overflow-hidden aspect-w-14 aspect-h-9 content-panel__media--left order-1 md:order-1 \">\n                <div class=\" flex flex-col justify-center items-center w-full h-full\">\n\n\n                    \n                    \n                        <img loading=\"lazy\" decoding=\"async\" width=\"1\" height=\"1\" src=\"https:\/\/staging.radiuscompare.com\/app\/uploads\/2023\/06\/MSD-2461-Quarterly-Offers-NL_Artboard-4-1.svg\" class=\"content-panel__image flex w-full h-full lg:h-5\/6 object-contain max-w-xs lg:max-w-none\" alt=\"\" \/>\n\n                    \n                    <\/div>\n            <\/div>\n            <\/div>\n    <!-- End: Content Panel -->\n\n    <\/div>\n<\/section><\/div><\/div>\n<\/div><\/div>\n<\/div><\/div>\n\n\n\n<div class=\"wp-block-group alignwide\" id=\"dual-facing\"><div class=\"wp-block-group__inner-container is-layout-flow wp-block-group-is-layout-flow\">\n<div class=\"wp-block-group alignwide\" id=\"Double-face\"><div class=\"wp-block-group__inner-container is-layout-flow wp-block-group-is-layout-flow\">\n<div class=\"wp-block-group alignwide\" id=\"Cam\u00e9ras-double-face\"><div class=\"wp-block-group__inner-container is-layout-flow wp-block-group-is-layout-flow\">\n                    <style>\n                        \n\t\t\t\t#block_76755f3dd5cabcbfce94e59d514f9118 { color: default; }\n\t\t\t\n                    <\/style>\n                    <section id=\"block_76755f3dd5cabcbfce94e59d514f9118\" class=\"relative tone-block tone-band tone-block-headingcopy heading-copy   headingcopy alignwide pt-6 sm:pt-6 md:pt-8 lg:pt-14 xl:pt-26 pb-0 bg-transparent\" style=\"\">\n<div class=\"max-w-screen-lg mx-auto px-6 md:px-12 lg:px-12 xl:px-0\"> \n\n    \n    <div class=\"container pb-6 sm:pb-6 md:pb-8 lg:pb-14 xl:pb-26\" style=\"padding-top: 0;\">\n        <div class=\"block-headings flex flex-row justify-center items-center \">\n            <div class=\"block-headings__wrapper flex flex-col justify-center items-center\">\n                                                            <h2 as=\"h4\" class=\"pb-10 md:block block-headings__block-title text-center font-semibold no-padding\"> Offre actuelle <\/h2>\n                                                                <\/div>\n                    <\/div>\n    <\/div>\n\n    \n<\/div>\n\n<\/section>  <\/div><\/div>\n<\/div><\/div>\n<\/div><\/div>\n\n\n\n<div class=\"wp-block-group alignwide\" id=\"multi-cam\"><div class=\"wp-block-group__inner-container is-layout-flow wp-block-group-is-layout-flow\">\n<div class=\"wp-block-group alignwide\" id=\"Cam\u00e9ra-multiple\"><div class=\"wp-block-group__inner-container is-layout-flow wp-block-group-is-layout-flow\">\n<div class=\"wp-block-group alignwide\" id=\"Multi-cam\u00e9ras\"><div class=\"wp-block-group__inner-container is-layout-flow wp-block-group-is-layout-flow\">\n                    <style>\n                        \n\t\t\t\t#block_fd93c514a81d904701a5fb04483e04b8 { color: default; }\n\t\t\t\n                    <\/style>\n                    <section id=\"block_fd93c514a81d904701a5fb04483e04b8\" class=\"relative tone-block tone-band tone-block-contentpanel content-panel contentpanel   contentpanel alignwide pt-0 pb-0 bg-transparent\" style=\"\">\n    <div class=\"container \">\n\n    \n    <!-- Start: Content Panel -->\n    <div class=\"content-panel__wrapper grid items-center grid-cols-1 md:grid-cols-2 gap-y-8 md:gap-y-0 md:gap-x-8 lg:gap-x-8 xl:gap-x-10 animate__animated do__fadeIn\">\n\n        <!-- Content Panel Content -->\n        <div class=\"content-panel__content w-full order-2 md:order-1 \">\n                        \n            \n                            <h2 as=\"h4\" class=\"content-panel__heading mb-2 md:mb-4 xl:mb-6 text-2xl font-bold tracking-tight md:leading-tight xl:text-4xl\"> Le bo\u00eetier de p\u00e9age EETS <\/h2>\n                        \n                            <div as=\"text-lg\" class=\"content-panel__copy mt-4\"> <p><span style=\"font-size: medium;\">Outre la Belgique (OBU), le bo\u00eetier EETS couvre les pays suivants : Bulgarie, Allemagne, France, Hongrie, Italie, Autriche, Portugal, Pologne, Espagne et Suisse. Les ponts scandinaves (Oresund &amp; Storebaelt), les tunnels de Liefkenshoek,<\/span><\/p>\n<p><span style=\"font-size: medium;\">Warren et Herrent font \u00e9galement partie du r\u00e9seau de cette solution de p\u00e9age.<\/span><\/p>\n <\/div>\n            \n            \n                    <\/div>\n\n        <!-- Content Panel Media -->\n                    \n            \n            <div class=\"content-panel__media relative overflow-hidden aspect-w-14 aspect-h-9 content-panel__media--right order-1 md:order-2 \">\n                <div class=\" flex flex-col justify-center items-center w-full h-full\">\n\n\n                    \n                    \n                        <img loading=\"lazy\" decoding=\"async\" width=\"1024\" height=\"683\" src=\"https:\/\/staging.radiuscompare.com\/app\/uploads\/2023\/10\/Untitled-design-23-1024x683.png\" class=\"content-panel__image flex w-full h-full lg:h-5\/6 object-contain max-w-xs lg:max-w-none\" alt=\"\" srcset=\"https:\/\/staging.radiuscompare.com\/app\/uploads\/2023\/10\/Untitled-design-23-1024x683.png 1024w, https:\/\/staging.radiuscompare.com\/app\/uploads\/2023\/10\/Untitled-design-23-300x200.png 300w, https:\/\/staging.radiuscompare.com\/app\/uploads\/2023\/10\/Untitled-design-23-768x512.png 768w, https:\/\/staging.radiuscompare.com\/app\/uploads\/2023\/10\/Untitled-design-23.png 1200w\" sizes=\"auto, (max-width: 1024px) 100vw, 1024px\" \/>\n\n                    \n                    <\/div>\n            <\/div>\n            <\/div>\n    <!-- End: Content Panel -->\n\n    <\/div>\n<\/section><\/div><\/div>\n<\/div><\/div>\n<\/div><\/div>\n\n\n\n<div style=\"height:30px\" aria-hidden=\"true\" class=\"wp-block-spacer\"><\/div>\n\n\n\n<div style=\"height:23px\" aria-hidden=\"true\" class=\"wp-block-spacer\"><\/div>\n\n\n\n<p class=\"has-text-align-center has-huge-font-size\"><strong><strong>Besoin d&#8217;aide ?<\/strong><\/strong><\/p>\n\n\n\n<p class=\"has-text-align-center\">Remplissez ce <u><a href=\"https:\/\/staging.radiuscompare.com\/fr\/contactez-nous\/\">formulaire de contact<\/a><\/u> et nous prendrons contact avec vous dans les plus brefs d\u00e9lais.<\/p>\n\n\n\n<div style=\"height:30px\" aria-hidden=\"true\" class=\"wp-block-spacer\"><\/div>\n","protected":false},"excerpt":{"rendered":"","protected":false},"author":15,"featured_media":0,"parent":0,"menu_order":0,"comment_status":"closed","ping_status":"closed","template":"","meta":{"inline_featured_image":false,"footnotes":""},"class_list":["post-73057","page","type-page","status-publish","hentry"],"acf":[],"_links":{"self":[{"href":"https:\/\/staging.radiuscompare.com\/fr-be\/wp-json\/wp\/v2\/pages\/73057","targetHints":{"allow":["GET"]}}],"collection":[{"href":"https:\/\/staging.radiuscompare.com\/fr-be\/wp-json\/wp\/v2\/pages"}],"about":[{"href":"https:\/\/staging.radiuscompare.com\/fr-be\/wp-json\/wp\/v2\/types\/page"}],"author":[{"embeddable":true,"href":"https:\/\/staging.radiuscompare.com\/fr-be\/wp-json\/wp\/v2\/users\/15"}],"replies":[{"embeddable":true,"href":"https:\/\/staging.radiuscompare.com\/fr-be\/wp-json\/wp\/v2\/comments?post=73057"}],"version-history":[{"count":0,"href":"https:\/\/staging.radiuscompare.com\/fr-be\/wp-json\/wp\/v2\/pages\/73057\/revisions"}],"wp:attachment":[{"href":"https:\/\/staging.radiuscompare.com\/fr-be\/wp-json\/wp\/v2\/media?parent=73057"}],"curies":[{"name":"wp","href":"https:\/\/api.w.org\/{rel}","templated":true}]}}