{"id":15538,"date":"2021-11-03T10:13:47","date_gmt":"2021-11-03T10:13:47","guid":{"rendered":"https:\/\/staging.radiuscompare.com\/dashcams-quote\/"},"modified":"2023-07-28T10:45:22","modified_gmt":"2023-07-28T09:45:22","slug":"cameras-embarquees-prix","status":"publish","type":"page","link":"https:\/\/staging.radiuscompare.com\/fr-be\/camera-de-tableau-de-bord\/cameras-embarquees-prix\/","title":{"rendered":"T\u00e9l\u00e9matiques cam\u00e9ras embarqu\u00e9es prix"},"content":{"rendered":"","protected":false},"excerpt":{"rendered":"","protected":false},"author":1,"featured_media":0,"parent":15604,"menu_order":0,"comment_status":"closed","ping_status":"closed","template":"page-form-lead-v3.blade.php","meta":{"inline_featured_image":false,"footnotes":""},"class_list":["post-15538","page","type-page","status-publish","hentry"],"acf":[],"_links":{"self":[{"href":"https:\/\/staging.radiuscompare.com\/fr-be\/wp-json\/wp\/v2\/pages\/15538","targetHints":{"allow":["GET"]}}],"collection":[{"href":"https:\/\/staging.radiuscompare.com\/fr-be\/wp-json\/wp\/v2\/pages"}],"about":[{"href":"https:\/\/staging.radiuscompare.com\/fr-be\/wp-json\/wp\/v2\/types\/page"}],"author":[{"embeddable":true,"href":"https:\/\/staging.radiuscompare.com\/fr-be\/wp-json\/wp\/v2\/users\/1"}],"replies":[{"embeddable":true,"href":"https:\/\/staging.radiuscompare.com\/fr-be\/wp-json\/wp\/v2\/comments?post=15538"}],"version-history":[{"count":0,"href":"https:\/\/staging.radiuscompare.com\/fr-be\/wp-json\/wp\/v2\/pages\/15538\/revisions"}],"up":[{"embeddable":true,"href":"https:\/\/staging.radiuscompare.com\/fr-be\/wp-json\/wp\/v2\/pages\/15604"}],"wp:attachment":[{"href":"https:\/\/staging.radiuscompare.com\/fr-be\/wp-json\/wp\/v2\/media?parent=15538"}],"curies":[{"name":"wp","href":"https:\/\/api.w.org\/{rel}","templated":true}]}}