{"id":68228,"date":"2023-04-28T10:24:05","date_gmt":"2023-04-28T09:24:05","guid":{"rendered":"https:\/\/staging.radiuscompare.com\/?page_id=68228"},"modified":"2024-06-26T10:59:28","modified_gmt":"2024-06-26T09:59:28","slug":"loesungen-fuer-maut-und-mineraloelsteuer","status":"publish","type":"page","link":"https:\/\/staging.radiuscompare.com\/de-de\/loesungen-fuer-maut-und-mineraloelsteuer\/","title":{"rendered":"<strong>L\u00f6sungen f\u00fcr Maut und Mehrwert- und Mineral\u00f6lsteuer<\/strong>"},"content":{"rendered":"\n                    <style>\n                        \n                    <\/style>\n                    <section class=\"h-full w-full bg-cover border-t-8 overflow-x-hidden border-radius-fuel mt-2 lg:mt-5 xl:mt-1\" style=\"background-image: url('https:\/\/staging.radiuscompare.com\/app\/uploads\/2023\/06\/compare-new-banner-2.png');\">\n   <div class=\"container w-90 flex flex-wrap flex-row mx-auto mt-10 lg:pb-5 lg:px-5\">\n      <div class=\"block relative w-full sm:w-1\/2\">\n                  <!-- Image For mobile goes here... -->\n         <div class=\"block sm:hidden relative w-full m-auto\">\n            <div class=\"block relative mb-3 text-center m-auto\">\n               <img loading=\"lazy\" decoding=\"async\" width=\"974\" height=\"537\" src=\"https:\/\/staging.radiuscompare.com\/app\/uploads\/2023\/08\/MSD-965-Tolls-Header-DE.png\" class=\"\" alt=\"\" srcset=\"https:\/\/staging.radiuscompare.com\/app\/uploads\/2023\/08\/MSD-965-Tolls-Header-DE.png 974w, https:\/\/staging.radiuscompare.com\/app\/uploads\/2023\/08\/MSD-965-Tolls-Header-DE-300x165.png 300w, https:\/\/staging.radiuscompare.com\/app\/uploads\/2023\/08\/MSD-965-Tolls-Header-DE-768x423.png 768w\" sizes=\"auto, (max-width: 974px) 100vw, 974px\" \/>\n            <\/div>\n         <\/div>\n         \n         <h1 class=\"block relative text-black font-bold text-2xl lg:text-5xl leading-normal\">\n            Zeitersparnis und Kostenreduzierung durch unsere On-Road-Services\n         <\/h1>\n\n         \n         <ul class=\"block relative mt-3 text-black font-medium text-sm lg:text-lg\">\n                           <li class=\"block pb-4 ml-12\">\n                  <span class=\"absolute text-radius-fuel border border-gray-600 rounded-full p-1 left-0\">\n                     <svg class=\"block relative h-5 w-5 text-radius-fuel \" fill=\"none\" viewBox=\"0 0 24 24\" stroke=\"currentColor\">\n                        <path stroke-linecap=\"round\" stroke-linejoin=\"round\" stroke-width=\"2\" d=\"M5 13l4 4L19 7\" \/>\n                     <\/svg>\n                  <\/span>\n                  Abrechnungsservice der Maut in Deutschland und Europa \n               <\/li>\n                           <li class=\"block pb-4 ml-12\">\n                  <span class=\"absolute text-radius-fuel border border-gray-600 rounded-full p-1 left-0\">\n                     <svg class=\"block relative h-5 w-5 text-radius-fuel \" fill=\"none\" viewBox=\"0 0 24 24\" stroke=\"currentColor\">\n                        <path stroke-linecap=\"round\" stroke-linejoin=\"round\" stroke-width=\"2\" d=\"M5 13l4 4L19 7\" \/>\n                     <\/svg>\n                  <\/span>\n                  Mehrwert- und Mineral\u00f6lsteuerr\u00fcckerstattungsservice\n               <\/li>\n                           <li class=\"block pb-4 ml-12\">\n                  <span class=\"absolute text-radius-fuel border border-gray-600 rounded-full p-1 left-0\">\n                     <svg class=\"block relative h-5 w-5 text-radius-fuel \" fill=\"none\" viewBox=\"0 0 24 24\" stroke=\"currentColor\">\n                        <path stroke-linecap=\"round\" stroke-linejoin=\"round\" stroke-width=\"2\" d=\"M5 13l4 4L19 7\" \/>\n                     <\/svg>\n                  <\/span>\n                  Alles was du f\u00fcr ein modernes Mobilit\u00e4tsmanagement ben\u00f6tigen\n               <\/li>\n                     <\/ul>\n\n                     <a href=\"\/de-de\/loesungen-fuer-maut-und-mineraloelsteuer\/maut-form\/\" class=\"inline-block relative min-w-64 min-h-15 py-10px px-6 rounded-full bg-radius-fuel opacity-100 hover:bg-radius-fuel-dark transition ease-in-out duration-300 font-montserrat font-bold text-white text-lg text-center\">\n               Jetzt vergleichen\n            <\/a>\n         \n         <div class=\"block mt-7 pb-5 w-60\">\n                     <\/div>\n      <\/div>\n      <div class=\"hidden sm:block relative w-1\/2\">\n         <div class=\"block relative w-96 xl:w-544 mt-15 lg:mt-25 text-right m-auto\">\n            <img loading=\"lazy\" decoding=\"async\" width=\"974\" height=\"537\" src=\"https:\/\/staging.radiuscompare.com\/app\/uploads\/2023\/08\/MSD-965-Tolls-Header-DE.png\" class=\"m-auto\" alt=\"\" srcset=\"https:\/\/staging.radiuscompare.com\/app\/uploads\/2023\/08\/MSD-965-Tolls-Header-DE.png 974w, https:\/\/staging.radiuscompare.com\/app\/uploads\/2023\/08\/MSD-965-Tolls-Header-DE-300x165.png 300w, https:\/\/staging.radiuscompare.com\/app\/uploads\/2023\/08\/MSD-965-Tolls-Header-DE-768x423.png 768w\" sizes=\"auto, (max-width: 974px) 100vw, 974px\" \/>\n         <\/div>\n      <\/div>\n   <\/div>\n\n   <div class=\"w-full flex flex-wrap font-semibold text-center text-sm border-t border-b border-gray-600 lg:border-0 mt-12 lg:mt-0 lg:bg-radius-fuel-tint\">\n         <\/div>\n<\/section>\n\n\n\n                    <style>\n                        \n\t\t\t\t#block_d00607e420a570a8996756a0f84c7b98 { color: default; }\n\t\t\t\n                    <\/style>\n                    <section id=\"block_d00607e420a570a8996756a0f84c7b98\" class=\"relative tone-block tone-band tone-block-imagerow image-row imagerow   imagerow alignwide pt-0 pb-0 bg-transparent\" style=\"\">\n    \n    \n    <div class=\"container \">\n\n    \n    <div class=\"container\">\n        <ul class=\"grid auto-rows-auto justify-items-center md:auto-cols md:grid-rows-2 md:grid-flow-col-dense md:justify-around breaker xl:auto-cols xl:grid-rows-1 mx-auto xl:grid-flow-col-dense xl:justify-evenly gap-y-8 xl:gap-y-0 xl:gap-x-10\">\n                            \n                <li class=\"relative flex flex-col justify-center items-center w-auto h-auto\">\n                    \n                    \n                    <img loading=\"lazy\" decoding=\"async\" width=\"252\" height=\"115\" src=\"https:\/\/staging.radiuscompare.com\/app\/uploads\/2023\/08\/tcLogo.svg\" class=\"flex object-contain\" alt=\"\" \/>\n\n                    <div class=\"image-row__content\">\n                                            <\/div>\n                <\/li>\n                    <\/ul>\n    <\/div>\n\n    <\/section> \n\n\n                    <style>\n                        \n\t\t\t\t#block_e667309baba4ba6df8899abf0ac554b6 { color: default; }\n\t\t\t\n                    <\/style>\n                    <section id=\"block_e667309baba4ba6df8899abf0ac554b6\" class=\"relative tone-block tone-band tone-block-headingcopy heading-copy   headingcopy alignwide pt-6 sm:pt-6 md:pt-8 lg:pt-14 xl:pt-26 pb-0 bg-transparent\" style=\"\">\n<div class=\"max-w-screen-lg mx-auto px-6 md:px-12 lg:px-12 xl:px-0\"> \n\n    \n    <div class=\"container pb-6 sm:pb-6 md:pb-8 lg:pb-14 xl:pb-26\" style=\"padding-top: 0;\">\n        <div class=\"block-headings flex flex-row justify-center items-center \">\n            <div class=\"block-headings__wrapper flex flex-col justify-center items-center\">\n                                                            <h2 as=\"h4\" class=\"pb-10 md:block block-headings__block-title text-center font-semibold no-padding\"> Aktuelle Angebote <\/h2>\n                                                                <\/div>\n                    <\/div>\n    <\/div>\n\n    \n<\/div>\n\n<\/section>  \n\n\n                    <style>\n                        \n                    <\/style>\n                    <div class=\"container offers-list\">\n    <ul class=\"division-grid flex flex-wrap justify-center\">\n                                <li class=\"deal-item w-full md:w-1\/2 lg:w-1\/3 md:px-3 mb-10\">\n    <div class=\"h-full p-4 pt-0 flex flex-col border shadow-xl rounded\">\n        \n        \n        <h3 class=\"text-2xl md:text-2xl leading-8 pb-0 text-center px-3 mt-4\">\n            Nationale Mautl\u00f6sung\n        <\/h3>\n\n        <img decoding=\"async\" src=\"https:\/\/staging.radiuscompare.com\/app\/uploads\/2024\/06\/toll3-e1719394145339.png\" alt=\"\" class=\"py-3 px-6 md:py-4 w-full\">\n\n        <div class=\"deal-details mt-auto\">\n                                                <p class=\"font-bold pb-2 text-center\">Produktdetails <\/p>\n                \n                <ul class=\"p-0 text-center\">\n                                            <li>\n                            &#8211; Seit 01.07.2024 gilt die Mautpflicht f\u00fcr Fahrzeuge +3,5t in Deutschland\n                        <li>\n                                            <li>\n                            &#8211; Von attraktiven Boni profitieren\n                        <li>\n                                    <\/ul>\n            \n                            <p class=\"font-bold pt-1 pb-0 text-center\">\n                     50\u20ac Tankguthaben erhalten \n                <\/p>\n            \n                    <\/div>\n\n        <div class=\"alignment-margin\"><\/div>\n\n        <div class=\"grid grid-cols-1 gap-3 pt-3\">\n                            <a class=\"text-base text-center rounded px-3 py-2 bg-radius-fuel text-white font-bold\"\n                    href=\"https:\/\/staging.radiuscompare.com\/de-de\/loesungen-fuer-maut-und-mineraloelsteuer\/maut-form\/\">Jetzt anfragen<\/a>\n                    <\/div>\n    <\/div>\n<\/li>\n                                <li class=\"deal-item w-full md:w-1\/2 lg:w-1\/3 md:px-3 mb-10\">\n    <div class=\"h-full p-4 pt-0 flex flex-col border shadow-xl rounded\">\n        \n        \n        <h3 class=\"text-2xl md:text-2xl leading-8 pb-0 text-center px-3 mt-4\">\n            Internationale Mautl\u00f6sung\n        <\/h3>\n\n        <img decoding=\"async\" src=\"https:\/\/staging.radiuscompare.com\/app\/uploads\/2023\/05\/DE-Radius-Compare-April-Toll-EETS-BOX.png\" alt=\"\" class=\"py-3 px-6 md:py-4 w-full\">\n\n        <div class=\"deal-details mt-auto\">\n                                                <p class=\"font-bold pb-2 text-center\">Produktdetails <\/p>\n                \n                <ul class=\"p-0 text-center\">\n                                            <li>\n                            &#8211; L\u00f6sungen f\u00fcr die internationale Maut\n                        <li>\n                                            <li>\n                            &#8211; F\u00fcr die Haupttransportwege Europas\n                        <li>\n                                            <li>\n                            &#8211; 3 Monate ohne Boxengeb\u00fchr\n                        <li>\n                                    <\/ul>\n            \n                            <p class=\"font-bold pt-1 pb-0 text-center\">\n                     Kostenloses Beratungsgespr\u00e4ch \n                <\/p>\n            \n                    <\/div>\n\n        <div class=\"alignment-margin\"><\/div>\n\n        <div class=\"grid grid-cols-1 gap-3 pt-3\">\n                            <a class=\"text-base text-center rounded px-3 py-2 bg-radius-fuel text-white font-bold\"\n                    href=\"\/de-de\/loesungen-fuer-maut-und-mineraloelsteuer\/maut-form\/\">Jetzt anfragen<\/a>\n                    <\/div>\n    <\/div>\n<\/li>\n            <\/ul>\n    <\/div>\n\n\n\n                    <style>\n                        \n\t\t\t\t#block_96dcb8e87d35b1a6ddfac10fb413ea5a { color: default; }\n\t\t\t\n                    <\/style>\n                    <section id=\"block_96dcb8e87d35b1a6ddfac10fb413ea5a\" class=\"relative tone-block tone-band tone-block-contentpanel content-panel contentpanel   contentpanel is-style-ticks alignwide pt-0 pb-8 sm:pb-10 md:pb-14 lg:pb-14 xl:pb-20 bg-transparent\" style=\"\">\n    <div class=\"container \">\n\n    \n    <!-- Start: Content Panel -->\n    <div class=\"content-panel__wrapper grid items-center grid-cols-1 md:grid-cols-2 gap-y-8 md:gap-y-0 md:gap-x-8 lg:gap-x-8 xl:gap-x-10 animate__animated do__fadeIn\">\n\n        <!-- Content Panel Content -->\n        <div class=\"content-panel__content w-full order-2 md:order-1 \">\n                        \n            \n                            <h2 as=\"h4\" class=\"content-panel__heading mb-2 md:mb-4 xl:mb-6 text-2xl font-bold tracking-tight md:leading-tight xl:text-4xl\"> Kostenloses Beratungsgespr\u00e4ch <\/h2>\n                        \n                            <div as=\"text-lg\" class=\"content-panel__copy mt-4\"> <ul>\n<li>L\u00f6sungen f\u00fcr die nationale und internationale Maut<\/li>\n<li>Kostenlose Beratung zur \u00c4nderung der Maut in Deutschland ab 01.07.2024<\/li>\n<li>Nur eine Rechnung f\u00fcr Maut und Tanken<\/li>\n<li>Von attraktiven Rabatten profitieren<\/li>\n<\/ul>\n <\/div>\n            \n                            <div class=\"mt-4 md:mt-6\">\n                <div class=\"wp-block-buttons content-panel__button-group flex flex-row space-x-2 sm:flex-nowrap\">\n                                    <div class=\"tone-block-button\">\n    <a class=\"tone-block-button__link button button--fuel w-full sm:w-auto \" target=\"\" href=\"\/de-de\/loesungen-fuer-maut-und-mineraloelsteuer\/maut-form\/\">Beratung anfordern<\/a>\n<\/div>                \n            <\/div>\n                <\/div>\n            \n                    <\/div>\n\n        <!-- Content Panel Media -->\n                    \n            \n            <div class=\"content-panel__media relative overflow-hidden aspect-w-14 aspect-h-9 content-panel__media--right order-1 md:order-2 \">\n                <div class=\" flex flex-col justify-center items-center w-full h-full\">\n\n\n                    \n                    \n                        <img loading=\"lazy\" decoding=\"async\" width=\"786\" height=\"524\" src=\"https:\/\/staging.radiuscompare.com\/app\/uploads\/2024\/02\/Fuel-Maut.png\" class=\"content-panel__image flex w-full h-full lg:h-5\/6 object-contain max-w-xs lg:max-w-none\" alt=\"\" srcset=\"https:\/\/staging.radiuscompare.com\/app\/uploads\/2024\/02\/Fuel-Maut.png 786w, https:\/\/staging.radiuscompare.com\/app\/uploads\/2024\/02\/Fuel-Maut-300x200.png 300w, https:\/\/staging.radiuscompare.com\/app\/uploads\/2024\/02\/Fuel-Maut-768x512.png 768w\" sizes=\"auto, (max-width: 786px) 100vw, 786px\" \/>\n\n                    \n                    <\/div>\n            <\/div>\n            <\/div>\n    <!-- End: Content Panel -->\n\n    <\/div>\n<\/section>\n\n\n                    <style>\n                        \n\t\t\t\t#block_80b602a07759d8072cde3fbf539472f5 { color: default; }\n\t\t\t\n                    <\/style>\n                    <section id=\"block_80b602a07759d8072cde3fbf539472f5\" class=\"relative tone-block tone-band tone-block-contentpanel content-panel contentpanel   contentpanel is-style-ticks alignwide pt-8 sm:pt-10 md:pt-14 lg:pt-14 xl:pt-20 pb-8 sm:pb-10 md:pb-14 lg:pb-14 xl:pb-20 bg-transparent\" style=\"\">\n    <div class=\"container \">\n\n    \n    <!-- Start: Content Panel -->\n    <div class=\"content-panel__wrapper grid items-center grid-cols-1 md:grid-cols-2 gap-y-8 md:gap-y-0 md:gap-x-8 lg:gap-x-8 xl:gap-x-10 animate__animated do__fadeIn\">\n\n        <!-- Content Panel Content -->\n        <div class=\"content-panel__content w-full order-2 md:order-2 \">\n                        \n            \n                            <h2 as=\"h4\" class=\"content-panel__heading mb-2 md:mb-4 xl:mb-6 text-2xl font-bold tracking-tight md:leading-tight xl:text-4xl\"> Liquidit\u00e4tsvorteil durch R\u00fcckerstattung der Mehrwert- und Mineral\u00f6lsteuer aus dem Ausland\u00a0 <\/h2>\n                        \n                            <div as=\"text-lg\" class=\"content-panel__copy mt-4\"> <ul>\n<li>Wir erledigen die Arbeit f\u00fcr dich, indem wir Ihre Rechnungen hochladen und bei den Beh\u00f6rden einreichen<\/li>\n<li>Nie wieder einen separaten Antrag f\u00fcr jedes Land einreichen<\/li>\n<li>Damit sparst du Zeit, Geld und hast keine Sprachbarrieren<\/li>\n<\/ul>\n <\/div>\n            \n                            <div class=\"mt-4 md:mt-6\">\n                <div class=\"wp-block-buttons content-panel__button-group flex flex-row space-x-2 sm:flex-nowrap\">\n                                    <div class=\"tone-block-button\">\n    <a class=\"tone-block-button__link button button--fuel w-full sm:w-auto \" target=\"\" href=\"\/de-de\/loesungen-fuer-maut-und-mineraloelsteuer\/mwst-form\/\">Angebot anfordern <\/a>\n<\/div>                \n            <\/div>\n                <\/div>\n            \n                    <\/div>\n\n        <!-- Content Panel Media -->\n                    \n            \n            <div class=\"content-panel__media relative overflow-hidden aspect-w-14 aspect-h-9 content-panel__media--left order-1 md:order-1 \">\n                <div class=\" flex flex-col justify-center items-center w-full h-full\">\n\n\n                    \n                    \n                        <img loading=\"lazy\" decoding=\"async\" width=\"1024\" height=\"790\" src=\"https:\/\/staging.radiuscompare.com\/app\/uploads\/2023\/01\/save-time-1024x790.png\" class=\"content-panel__image flex w-full h-full lg:h-5\/6 object-contain max-w-xs lg:max-w-none\" alt=\"\" srcset=\"https:\/\/staging.radiuscompare.com\/app\/uploads\/2023\/01\/save-time-1024x790.png 1024w, https:\/\/staging.radiuscompare.com\/app\/uploads\/2023\/01\/save-time-300x231.png 300w, https:\/\/staging.radiuscompare.com\/app\/uploads\/2023\/01\/save-time-768x592.png 768w, https:\/\/staging.radiuscompare.com\/app\/uploads\/2023\/01\/save-time.png 1400w\" sizes=\"auto, (max-width: 1024px) 100vw, 1024px\" \/>\n\n                    \n                    <\/div>\n            <\/div>\n            <\/div>\n    <!-- End: Content Panel -->\n\n    <\/div>\n<\/section>","protected":false},"excerpt":{"rendered":"","protected":false},"author":15,"featured_media":0,"parent":0,"menu_order":0,"comment_status":"closed","ping_status":"closed","template":"","meta":{"inline_featured_image":false,"footnotes":""},"class_list":["post-68228","page","type-page","status-publish","hentry"],"acf":[],"_links":{"self":[{"href":"https:\/\/staging.radiuscompare.com\/de-de\/wp-json\/wp\/v2\/pages\/68228","targetHints":{"allow":["GET"]}}],"collection":[{"href":"https:\/\/staging.radiuscompare.com\/de-de\/wp-json\/wp\/v2\/pages"}],"about":[{"href":"https:\/\/staging.radiuscompare.com\/de-de\/wp-json\/wp\/v2\/types\/page"}],"author":[{"embeddable":true,"href":"https:\/\/staging.radiuscompare.com\/de-de\/wp-json\/wp\/v2\/users\/15"}],"replies":[{"embeddable":true,"href":"https:\/\/staging.radiuscompare.com\/de-de\/wp-json\/wp\/v2\/comments?post=68228"}],"version-history":[{"count":0,"href":"https:\/\/staging.radiuscompare.com\/de-de\/wp-json\/wp\/v2\/pages\/68228\/revisions"}],"wp:attachment":[{"href":"https:\/\/staging.radiuscompare.com\/de-de\/wp-json\/wp\/v2\/media?parent=68228"}],"curies":[{"name":"wp","href":"https:\/\/api.w.org\/{rel}","templated":true}]}}