{"id":5638,"date":"2021-09-15T15:14:22","date_gmt":"2021-09-15T14:14:22","guid":{"rendered":"https:\/\/staging.radiuscompare.com\/about-us\/"},"modified":"2025-10-23T08:45:43","modified_gmt":"2025-10-23T07:45:43","slug":"uber-radius","status":"publish","type":"page","link":"https:\/\/staging.radiuscompare.com\/de-de\/uber-radius\/","title":{"rendered":"Die Radius Geschichte"},"content":{"rendered":"\n                    <style>\n                        \n\t\t\t\t#block_4b6b53c8db1eb73efea5cc81373eea80 { color: #FFFFFF; }\n\t\t\t\n                    <\/style>\n                    <section id=\"block_4b6b53c8db1eb73efea5cc81373eea80\" class=\"relative tone-block tone-band tone-block-herobanner hero-banner relative mx-auto h-auto tone-block-herobanner--slim   herobanner alignfull pt-8 sm:pt-10 md:pt-14 lg:pt-14 xl:pt-20 pb-8 sm:pb-10 md:pb-14 lg:pb-14 xl:pb-20\" style=\"\">\n    \n    \n    <div class=\"overflow-hidden w-full h-auto flex-grow flex flex-col\">\n\n        \n                    <img loading=\"lazy\" decoding=\"async\" width=\"1612\" height=\"806\" src=\"https:\/\/staging.radiuscompare.com\/app\/uploads\/2023\/05\/Radius-Payment-Solutions.jpg\" class=\"absolute z-10 h-full w-full top-0 left-0 right-0 bottom-0 object-cover hero-banner__background\" alt=\"\" srcset=\"https:\/\/staging.radiuscompare.com\/app\/uploads\/2023\/05\/Radius-Payment-Solutions.jpg 1612w, https:\/\/staging.radiuscompare.com\/app\/uploads\/2023\/05\/Radius-Payment-Solutions-300x150.jpg 300w, https:\/\/staging.radiuscompare.com\/app\/uploads\/2023\/05\/Radius-Payment-Solutions-1024x512.jpg 1024w, https:\/\/staging.radiuscompare.com\/app\/uploads\/2023\/05\/Radius-Payment-Solutions-768x384.jpg 768w, https:\/\/staging.radiuscompare.com\/app\/uploads\/2023\/05\/Radius-Payment-Solutions-1536x768.jpg 1536w\" sizes=\"auto, (max-width: 1612px) 100vw, 1612px\" \/>\n        \n    <div class=\"container z-20 relative h-full bg-no-repeat flex-grow bg-cover  lg:bg-transparent\">\n\n                    <!-- STANDARD BANNER -->\n            <div class=\"hero-banner__banner h-full flex flex-col justify-center items-center relative flex-grow \">\n\n                <div class=\"hero-banner__content w-full mx-auto text-center md:w-11\/12 xl:w-12\/12 md:text-center z-20\">\n                    <h1 class=\"text-2xl md:text-4xl font-extrabold leading-none md:text-6xl 2xl:text-8xl w-full mb-4 md:mb-6 lg:mb-2 xl:mb-6\"> Die Radius Geschichte <br \/><br \/><br \/><br \/><br \/> <\/h1>\n\n                    \n                    \n                                                                \n                    \n                    \n                <\/div>\n            <\/div>\n            <!-- END STANDARD BANNER -->\n            <\/div>\n<\/section>\n\n\n<div style=\"height:35px\" aria-hidden=\"true\" class=\"wp-block-spacer\"><\/div>\n\n\n\n                    <style>\n                        \n\t\t\t\t#block_8dcd22438525e8dfd593bee949af1659 { color: default; }\n\t\t\t\n                    <\/style>\n                    <section id=\"block_8dcd22438525e8dfd593bee949af1659\" class=\"relative tone-block tone-band tone-block-headingcopy heading-copy   headingcopy alignwide pt-8 sm:pt-10 md:pt-14 lg:pt-14 xl:pt-20 pb-8 sm:pb-10 md:pb-14 lg:pb-14 xl:pb-20 bg-grey-super-light\" style=\"\">\n<div class=\"max-w-screen-lg mx-auto px-6 md:px-12 lg:px-12 xl:px-0\"> \n\n    \n    <div class=\"container pb-8 sm:pb-10 md:pb-14 lg:pb-14 xl:pb-20\" style=\"padding-top: 0;\">\n        <div class=\"block-headings flex flex-row justify-center items-center \">\n            <div class=\"block-headings__wrapper flex flex-col justify-center items-center\">\n                                                            <h2 as=\"h4\" class=\"pb-10 md:block block-headings__block-title text-center font-semibold no-padding\"> Radius Compare ist Teil der Radius Payment Solutions Gruppe <\/h2>\n                                                                <\/div>\n                    <\/div>\n    <\/div>\n\n            <div class=\"container heading-copy__wrapper\">\n            <div class=\"flex flex-row justify-center items-center \">\n                <div class=\"max-w-screen-xl flex flex-col justify-center items-center w-full\">\n                    <div class=\"heading-copy__copy mx-auto\"> <p><strong>Wir helfen Unternehmen seit \u00fcber drei\u00dfig Jahren zu wachsen. Das ist ein Weg, den wir gut kennen. Als Radius im Jahr 1990 gegr\u00fcndet wurde, bestand unser B\u00fcro aus einem Raum \u00fcber einem Friseursalon. Heute sind wir ein globales Dienstleistungsunternehmen, das in 19 L\u00e4ndern auf f\u00fcnf Kontinenten t\u00e4tig ist.<\/strong><\/p>\n<p>Unser Ziel ist es, ein Paket erstklassiger Produkte anzubieten, die durch modernste Technologie unterst\u00fctzt werden, kombiniert mit einem hervorragenden Preis-Leistungs-Verh\u00e4ltnis und einem f\u00fchrenden Kundenservice. Wir wollen mit allem, was wir tun, die Arbeitsweise von Unternehmen verbessern, sei es durch Kostensenkung, Effizienz oder neue Denkans\u00e4tze.<\/p>\n<p>Wir wissen, dass jede Verbesserung, die wir liefern, dich in die Lage versetzt, mehr von dem zu tun, was du am besten kannst, und dir die Freiheit gibt, zu wachsen. Und wie auch immer Wachstum f\u00fcr dich aussehen mag, neue B\u00fcros, h\u00f6here Gewinne oder auch nur eine bessere Work-Life-Balance, wir m\u00f6chten dir dabei helfen, es zu erreichen.<\/p>\n <\/div>\n                <\/div>\n            <\/div>\n        <\/div>\n    \n<\/div>\n\n<\/section>  \n\n\n<p><\/p>\n\n\n\n<p><\/p>\n\n\n\n                    <style>\n                        \n                    <\/style>\n                    <section id=\"block_bccc2f62470b9d5173b7c58dc09f21be\" class=\"relative tone-block tone-band tone-block-cards cards   cards alignwide bg-\" style=\"\"><div class=\"container\">\n\n    \n    \n    <!-- Start: Cards -->\n    <div class=\"cards__wrapper animate__animated do__fadeIn \" data-cards-per-slide=\"\" data-nav-enabled=\"\">\n                                <ul class=\"cards__list list-none m-0 p-0 mobile-one-col-fix items-center\n             lg:gap-8 xl:gap-12\n            grid grid-cols- gap-8 md:grid-cols- lg:grid-cols-none lg:auto-cols-fr lg:grid-flow-col lg:gap-x-8 xl:gap-x-12\n            \n            \n            \n            cards__list--has-cropped-images\">\n\n                                                        <li class=\"cards__list-item w-full h-full \">\n\n                                                    <div class=\"card card--icon rounded h-full flex flex-row justify-center items-center lg:flex-col\">\n    \n            <div class=\"card__icon relative flex justify-center items-center flex-shrink-0 w-14 lg:w-auto lg:h-16\">\n            <svg xmlns=\"http:\/\/www.w3.org\/2000\/svg\" viewBox=\"0 0 68 68\"><g transform=\"matrix(2.8333333333333335,0,0,2.8333333333333335,0,0)\"><defs><style>.a{fill:none;stroke:#101820;stroke-linecap:round;stroke-linejoin:round;}<\/style><\/defs><line class=\"a\" x1=\"1\" y1=\"18.127\" x2=\"12\" y2=\"21.127\"><\/line><line class=\"a\" x1=\"12\" y1=\"21.127\" x2=\"23\" y2=\"18.127\"><\/line><line class=\"a\" x1=\"1\" y1=\"18.127\" x2=\"6.493\" y2=\"16.688\"><\/line><line class=\"a\" x1=\"1\" y1=\"22.688\" x2=\"1\" y2=\"18.252\"><\/line><line class=\"a\" x1=\"23\" y1=\"18.252\" x2=\"23\" y2=\"22.688\"><\/line><line class=\"a\" x1=\"12\" y1=\"23.188\" x2=\"12\" y2=\"21.127\"><\/line><path class=\"a\" d=\"M15.5,6.062c0,1.933-.583,7-3.5,7S8.5,8,8.5,6.062c0-3.5,3.5-5.25,3.5-5.25S15.5,2.562,15.5,6.062Z\"><\/path><circle class=\"a\" cx=\"12\" cy=\"5.937\" r=\"1.373\"><\/circle><path class=\"a\" d=\"M9.683,12.161l-.808.405a5.251,5.251,0,0,0-1.242.916.653.653,0,0,1-1.13-.417,3.486,3.486,0,0,1,2.113-3.61\"><\/path><path class=\"a\" d=\"M14.317,12.161l.808.405a5.251,5.251,0,0,1,1.242.916.653.653,0,0,0,1.13-.417,3.486,3.486,0,0,0-2.113-3.61\"><\/path><line class=\"a\" x1=\"23\" y1=\"18.127\" x2=\"17.507\" y2=\"16.688\"><\/line><path class=\"a\" d=\"M13.4,16.007c0,.773-.627,2.643-1.4,2.643s-1.4-1.87-1.4-2.643a1.4,1.4,0,1,1,2.8,0Z\"><\/path><\/g><\/svg>\n        <\/div>\n    \n    <div class=\"card__content flex flex-col justify-start items-start lg:items-center flex-grow h-full ml-6 lg:ml-0 lg:mt-6\">\n                    <h2 as=\"h6\" class=\"card__heading text-left lg:text-center font-bold m-0 p-0\">Gegr\u00fcndet im Jahr 1990<\/h2>\n        \n        \n            <\/div>\n    <\/div>\n\n                        \n                    <\/li>\n                                                                            <li class=\"cards__list-item w-full h-full \">\n\n                                                    <div class=\"card card--icon rounded h-full flex flex-row justify-center items-center lg:flex-col\">\n    \n            <div class=\"card__icon relative flex justify-center items-center flex-shrink-0 w-14 lg:w-auto lg:h-16\">\n            <svg viewBox=\"0 0 68 68\" xmlns=\"http:\/\/www.w3.org\/2000\/svg\"><g transform=\"matrix(2.8333333333333335,0,0,2.8333333333333335,0,0)\"><path d=\"M2.504 2.5H21.504V19.5H2.504z\" fill=\"none\" stroke=\"#101820\" stroke-linecap=\"round\" stroke-linejoin=\"round\"><\/path><path d=\"M11.004 22.500 A1.000 1.000 0 1 0 13.004 22.500 A1.000 1.000 0 1 0 11.004 22.500 Z\" fill=\"none\" stroke=\"#101820\" stroke-linecap=\"round\" stroke-linejoin=\"round\"><\/path><path d=\"M12.004 19.5L12.004 21.5\" fill=\"none\" stroke=\"#101820\" stroke-linecap=\"round\" stroke-linejoin=\"round\"><\/path><path d=\"M7.504 6L7.504 5\" fill=\"none\" stroke=\"#101820\" stroke-linecap=\"round\" stroke-linejoin=\"round\"><\/path><path d=\"M9,6H6.971a1.342,1.342,0,0,0-.5,2.587l2.064.826A1.342,1.342,0,0,1,8.037,12H6\" fill=\"none\" stroke=\"#101820\" stroke-linecap=\"round\" stroke-linejoin=\"round\"><\/path><path d=\"M7.504 13L7.504 12\" fill=\"none\" stroke=\"#101820\" stroke-linecap=\"round\" stroke-linejoin=\"round\"><\/path><path d=\"M17.5,15.5V10a.5.5,0,0,0-.5-.5H16a.5.5,0,0,0-.5.5v5.5\" fill=\"none\" stroke=\"#101820\" stroke-linecap=\"round\" stroke-linejoin=\"round\"><\/path><path d=\"M13.5,15.5V13a.5.5,0,0,0-.5-.5H12a.5.5,0,0,0-.5.5v2.5\" fill=\"none\" stroke=\"#101820\" stroke-linecap=\"round\" stroke-linejoin=\"round\"><\/path><path d=\"M8.504 15.5L19.004 15.5\" fill=\"none\" stroke=\"#101820\" stroke-linecap=\"round\" stroke-linejoin=\"round\"><\/path><path d=\"M23.5,1.5a1,1,0,0,1-1,1H1.5a1,1,0,0,1,0-2h21A1,1,0,0,1,23.5,1.5Z\" fill=\"none\" stroke=\"#101820\" stroke-linecap=\"round\" stroke-linejoin=\"round\"><\/path><path d=\"M1.504 19.5L22.504 19.5\" fill=\"none\" stroke=\"#101820\" stroke-linecap=\"round\" stroke-linejoin=\"round\"><\/path><\/g><\/svg>\n        <\/div>\n    \n    <div class=\"card__content flex flex-col justify-start items-start lg:items-center flex-grow h-full ml-6 lg:ml-0 lg:mt-6\">\n                    <h2 as=\"h6\" class=\"card__heading text-left lg:text-center font-bold m-0 p-0\">Umsatz \u00a34 Milliarden<\/h2>\n        \n        \n            <\/div>\n    <\/div>\n\n                        \n                    <\/li>\n                                                                            <li class=\"cards__list-item w-full h-full \">\n\n                                                    <div class=\"card card--icon rounded h-full flex flex-row justify-center items-center lg:flex-col\">\n    \n            <div class=\"card__icon relative flex justify-center items-center flex-shrink-0 w-14 lg:w-auto lg:h-16\">\n            <svg viewBox=\"0 0 68 68\" xmlns=\"http:\/\/www.w3.org\/2000\/svg\"><g transform=\"matrix(2.8333333333333335,0,0,2.8333333333333335,0,0)\"><path d=\"M0.500 11.985 A11.500 11.500 0 1 0 23.500 11.985 A11.500 11.500 0 1 0 0.500 11.985 Z\" fill=\"none\" stroke=\"#101820\" stroke-linecap=\"round\" stroke-linejoin=\"round\"><\/path><path d=\"M.673,9.985H6.757a3,3,0,0,1,2.122.878L10,11.984a3,3,0,0,1,.121,4.115L8.758,17.632A3,3,0,0,0,8,19.625V22.77\" fill=\"none\" stroke=\"#101820\" stroke-linecap=\"round\" stroke-linejoin=\"round\"><\/path><path d=\"M20.261,3.985h-5.8a2.25,2.25,0,0,0,0,4.5h.432a3,3,0,0,1,2.5,1.335l2.218,3.329a3,3,0,0,0,2.5,1.336h1.121\" fill=\"none\" stroke=\"#101820\" stroke-linecap=\"round\" stroke-linejoin=\"round\"><\/path><\/g><\/svg>\n        <\/div>\n    \n    <div class=\"card__content flex flex-col justify-start items-start lg:items-center flex-grow h-full ml-6 lg:ml-0 lg:mt-6\">\n                    <h2 as=\"h6\" class=\"card__heading text-left lg:text-center font-bold m-0 p-0\">T\u00e4tig in 19 L\u00e4ndern<\/h2>\n        \n        \n            <\/div>\n    <\/div>\n\n                        \n                    <\/li>\n                                                <\/ul>\n\n                        <\/div>\n    <!-- End: Cards -->\n<\/div>\n<\/section>\n\n\n                    <style>\n                        \n\t\t\t\t#block_f7aa1448b52be05207fbee0f07e4c1b2 { color: default; }\n\t\t\t\n                    <\/style>\n                    <section id=\"block_f7aa1448b52be05207fbee0f07e4c1b2\" class=\"relative tone-block tone-band tone-block-headingcopy heading-copy   headingcopy alignwide pt-8 sm:pt-10 md:pt-14 lg:pt-14 xl:pt-20 pb-6 sm:pb-6 md:pb-8 lg:pb-14 xl:pb-26 bg-white\" style=\"\">\n<div class=\"max-w-screen-lg mx-auto px-6 md:px-12 lg:px-12 xl:px-0\"> \n\n    \n    <div class=\"container pb-8 sm:pb-10 md:pb-14 lg:pb-14 xl:pb-20\" style=\"padding-top: 0;\">\n        <div class=\"block-headings flex flex-row justify-center items-center \">\n            <div class=\"block-headings__wrapper flex flex-col justify-center items-center\">\n                                                            <h2 as=\"h4\" class=\"pb-10 md:block block-headings__block-title text-center font-semibold no-padding\"> Unsere Gesch\u00e4ftsbereiche <\/h2>\n                                                                <\/div>\n                    <\/div>\n    <\/div>\n\n    \n<\/div>\n\n<\/section>  \n\n\n                    <style>\n                        \n\t\t\t\t#block_8d4346a5ea44f6e1b941b92eed2f0961 { color: default; }\n\t\t\t\n                    <\/style>\n                    <section id=\"block_8d4346a5ea44f6e1b941b92eed2f0961\" class=\"relative tone-block tone-band tone-block-contentpanel content-panel contentpanel   contentpanel is-style-padded alignwide pt-0 pb-0 bg-white\" style=\"\">\n    <div class=\"container \">\n\n    \n    <!-- Start: Content Panel -->\n    <div class=\"content-panel__wrapper grid items-center grid-cols-1 md:grid-cols-2 gap-y-8 md:gap-y-0 md:gap-x-8 lg:gap-x-8 xl:gap-x-10 animate__animated do__fadeIn\">\n\n        <!-- Content Panel Content -->\n        <div class=\"content-panel__content w-full order-2 md:order-1 \">\n                        \n            \n                            <h2 as=\"h4\" class=\"content-panel__heading mb-2 md:mb-4 xl:mb-6 text-2xl font-bold tracking-tight md:leading-tight xl:text-4xl\"> Radius Fuels <\/h2>\n                        \n                            <div as=\"text-lg\" class=\"content-panel__copy mt-4\"> <p>Unsere Kraftstoffsparte ist der Bereich, in dem das Unternehmen vor \u00fcber 35 Jahren unter unserer Marke UK Fuels begann. Heute sind wir ein globaler Wiederverk\u00e4ufer f\u00fcr die gro\u00dfen \u00d6lgesellschaften in 19 L\u00e4ndern, verkaufen unsere eigenen Markenkarten und haben bereits Tausenden von Unternehmen geholfen, bei ihrem Kraftstoff Geld zu sparen.<\/p>\n <\/div>\n            \n            \n                    <\/div>\n\n        <!-- Content Panel Media -->\n                    \n            \n            <div class=\"content-panel__media relative overflow-hidden aspect-w-14 aspect-h-9 content-panel__media--right order-1 md:order-2 \">\n                <div class=\" flex flex-col justify-center items-center w-full h-full\">\n\n\n                    \n                    \n                        <img loading=\"lazy\" decoding=\"async\" width=\"1024\" height=\"1024\" src=\"https:\/\/staging.radiuscompare.com\/app\/uploads\/2021\/10\/division_fuel.svg\" class=\"content-panel__image flex w-full h-full lg:h-5\/6 object-contain max-w-xs lg:max-w-none\" alt=\"\" \/>\n\n                    \n                    <\/div>\n            <\/div>\n            <\/div>\n    <!-- End: Content Panel -->\n\n    <\/div>\n<\/section>\n\n\n                    <style>\n                        \n\t\t\t\t#block_c6f7be34d9d938cb2c4aa9b053258354 { color: default; }\n\t\t\t\n                    <\/style>\n                    <section id=\"block_c6f7be34d9d938cb2c4aa9b053258354\" class=\"relative tone-block tone-band tone-block-contentpanel content-panel contentpanel   contentpanel is-style-padded alignwide pt-6 sm:pt-6 md:pt-8 lg:pt-14 xl:pt-26 pb-6 sm:pb-6 md:pb-8 lg:pb-14 xl:pb-26 bg-white\" style=\"\">\n    <div class=\"container \">\n\n    \n    <!-- Start: Content Panel -->\n    <div class=\"content-panel__wrapper grid items-center grid-cols-1 md:grid-cols-2 gap-y-8 md:gap-y-0 md:gap-x-8 lg:gap-x-8 xl:gap-x-10 animate__animated do__fadeIn\">\n\n        <!-- Content Panel Content -->\n        <div class=\"content-panel__content w-full order-2 md:order-2 \">\n                        \n            \n                            <h2 as=\"h4\" class=\"content-panel__heading mb-2 md:mb-4 xl:mb-6 text-2xl font-bold tracking-tight md:leading-tight xl:text-4xl\"> Radius Telematics <\/h2>\n                        \n                            <div as=\"text-lg\" class=\"content-panel__copy mt-4\"> <p>Wir sind einer der gr\u00f6\u00dften Telematik Anbieter der Welt und \u00fcberwachen fast eine halbe Million Fahrzeuge in Europa, Amerika, Asien und Australien.<\/p>\n<p>Kein anderes Unternehmen bietet ein umfassenderes Angebot an Hardware und Software. Wir richten uns an alle Arten von Unternehmen und bieten alles von Telematik L\u00f6sungen f\u00fcr Flottenmanager bis hin zu selbst installierten Trackern f\u00fcr kleine Unternehmen.<\/p>\n <\/div>\n            \n            \n                    <\/div>\n\n        <!-- Content Panel Media -->\n                    \n            \n            <div class=\"content-panel__media relative overflow-hidden aspect-w-14 aspect-h-9 content-panel__media--left order-1 md:order-1 \">\n                <div class=\" flex flex-col justify-center items-center w-full h-full\">\n\n\n                    \n                    \n                        <img loading=\"lazy\" decoding=\"async\" width=\"1024\" height=\"1024\" src=\"https:\/\/staging.radiuscompare.com\/app\/uploads\/2021\/10\/division_telematics.svg\" class=\"content-panel__image flex w-full h-full lg:h-5\/6 object-contain max-w-xs lg:max-w-none\" alt=\"\" \/>\n\n                    \n                    <\/div>\n            <\/div>\n            <\/div>\n    <!-- End: Content Panel -->\n\n    <\/div>\n<\/section>\n\n\n                    <style>\n                        \n\t\t\t\t#block_7b0ecd682434cc4d0b06585fbbe93156 { color: default; }\n\t\t\t\n                    <\/style>\n                    <section id=\"block_7b0ecd682434cc4d0b06585fbbe93156\" class=\"relative tone-block tone-band tone-block-contentpanel content-panel contentpanel   contentpanel is-style-padded alignwide pt-6 sm:pt-6 md:pt-8 lg:pt-14 xl:pt-26 pb-6 sm:pb-6 md:pb-8 lg:pb-14 xl:pb-26 bg-white\" style=\"\">\n    <div class=\"container \">\n\n    \n    <!-- Start: Content Panel -->\n    <div class=\"content-panel__wrapper grid items-center grid-cols-1 md:grid-cols-2 gap-y-8 md:gap-y-0 md:gap-x-8 lg:gap-x-8 xl:gap-x-10 animate__animated do__fadeIn\">\n\n        <!-- Content Panel Content -->\n        <div class=\"content-panel__content w-full order-2 md:order-1 \">\n                        \n            \n                            <h2 as=\"h4\" class=\"content-panel__heading mb-2 md:mb-4 xl:mb-6 text-2xl font-bold tracking-tight md:leading-tight xl:text-4xl\"> Radius Connect <\/h2>\n                        \n                            <div as=\"text-lg\" class=\"content-panel__copy mt-4\"> <p>Radius Connect hilft Unternehmen in ganz Europa, besser zu kommunizieren.<\/p>\n<p>Wir bieten L\u00f6sungen von allen gro\u00dfen Mobilfunknetzen, Handy- und Ger\u00e4teherstellern, Softwareentwicklern und Anbietern von gehosteter Telefonie.<\/p>\n <\/div>\n            \n            \n                    <\/div>\n\n        <!-- Content Panel Media -->\n                    \n            \n            <div class=\"content-panel__media relative overflow-hidden aspect-w-14 aspect-h-9 content-panel__media--right order-1 md:order-2 \">\n                <div class=\" flex flex-col justify-center items-center w-full h-full\">\n\n\n                    \n                    \n                        <img loading=\"lazy\" decoding=\"async\" width=\"1024\" height=\"1024\" src=\"https:\/\/staging.radiuscompare.com\/app\/uploads\/2021\/10\/division_telecoms.svg\" class=\"content-panel__image flex w-full h-full lg:h-5\/6 object-contain max-w-xs lg:max-w-none\" alt=\"\" \/>\n\n                    \n                    <\/div>\n            <\/div>\n            <\/div>\n    <!-- End: Content Panel -->\n\n    <\/div>\n<\/section>\n\n\n                    <style>\n                        \n\t\t\t\t#block_d1ebca79c8f2e2fef7d86a669a2ea4ec { color: default; }\n\t\t\t\n                    <\/style>\n                    <section id=\"block_d1ebca79c8f2e2fef7d86a669a2ea4ec\" class=\"relative tone-block tone-band tone-block-contentpanel content-panel contentpanel   contentpanel is-style-padded alignwide pt-6 sm:pt-6 md:pt-8 lg:pt-14 xl:pt-26 pb-6 sm:pb-6 md:pb-8 lg:pb-14 xl:pb-26 bg-white\" style=\"\">\n    <div class=\"container \">\n\n    \n    <!-- Start: Content Panel -->\n    <div class=\"content-panel__wrapper grid items-center grid-cols-1 md:grid-cols-2 gap-y-8 md:gap-y-0 md:gap-x-8 lg:gap-x-8 xl:gap-x-10 animate__animated do__fadeIn\">\n\n        <!-- Content Panel Content -->\n        <div class=\"content-panel__content w-full order-2 md:order-2 \">\n                        \n            \n                            <h2 as=\"h4\" class=\"content-panel__heading mb-2 md:mb-4 xl:mb-6 text-2xl font-bold tracking-tight md:leading-tight xl:text-4xl\"> Radius EV <\/h2>\n                        \n                            <div as=\"text-lg\" class=\"content-panel__copy mt-4\"> <p>Wir liefern und installieren Ladestationen in Gro\u00dfbritannien und Europa f\u00fcr Unternehmen und Privathaushalte sowie Netzwerke f\u00fcr das Aufladen von Fahrzeugen mit Karten und mobilen Zahlungsmitteln.<\/p>\n<h2><\/h2>\n <\/div>\n            \n            \n                    <\/div>\n\n        <!-- Content Panel Media -->\n                    \n            \n            <div class=\"content-panel__media relative overflow-hidden aspect-w-14 aspect-h-9 content-panel__media--left order-1 md:order-1 \">\n                <div class=\" flex flex-col justify-center items-center w-full h-full\">\n\n\n                    \n                    \n                        <img loading=\"lazy\" decoding=\"async\" width=\"1024\" height=\"1024\" src=\"https:\/\/staging.radiuscompare.com\/app\/uploads\/2021\/10\/division_energy.svg\" class=\"content-panel__image flex w-full h-full lg:h-5\/6 object-contain max-w-xs lg:max-w-none\" alt=\"\" \/>\n\n                    \n                    <\/div>\n            <\/div>\n            <\/div>\n    <!-- End: Content Panel -->\n\n    <\/div>\n<\/section>\n\n\n\n\n                    <style>\n                        \n\t\t\t\t#block_80d5405da5f0ad571fd9afad99f5d98c { color: default; }\n\t\t\t\n                    <\/style>\n                    <section id=\"block_80d5405da5f0ad571fd9afad99f5d98c\" class=\"relative tone-block tone-band tone-block-headingcopy heading-copy   headingcopy alignwide pt-8 sm:pt-10 md:pt-14 lg:pt-14 xl:pt-20 pb-8 sm:pb-10 md:pb-14 lg:pb-14 xl:pb-20 bg-transparent\" style=\"\">\n<div class=\"max-w-screen-lg mx-auto px-6 md:px-12 lg:px-12 xl:px-0\"> \n\n    \n    \n            <div class=\"container heading-copy__wrapper\">\n            <div class=\"flex flex-row justify-center items-center \">\n                <div class=\"max-w-screen-xl flex flex-col justify-center items-center w-full\">\n                    <div class=\"heading-copy__copy mx-auto\"> <p style=\"text-align: center;\">Radius Payment Solutions ist der Betreiber dieser Website, Radius Compare. Radius Payment Solutions Limited ist in England und Wales unter der Firmenregistrierungsnummer 08260702 registriert.<\/p>\n <\/div>\n                <\/div>\n            <\/div>\n        <\/div>\n    \n<\/div>\n\n<\/section>  ","protected":false},"excerpt":{"rendered":"","protected":false},"author":1,"featured_media":0,"parent":0,"menu_order":0,"comment_status":"closed","ping_status":"closed","template":"","meta":{"inline_featured_image":false,"footnotes":""},"class_list":["post-5638","page","type-page","status-publish","hentry"],"acf":[],"_links":{"self":[{"href":"https:\/\/staging.radiuscompare.com\/de-de\/wp-json\/wp\/v2\/pages\/5638","targetHints":{"allow":["GET"]}}],"collection":[{"href":"https:\/\/staging.radiuscompare.com\/de-de\/wp-json\/wp\/v2\/pages"}],"about":[{"href":"https:\/\/staging.radiuscompare.com\/de-de\/wp-json\/wp\/v2\/types\/page"}],"author":[{"embeddable":true,"href":"https:\/\/staging.radiuscompare.com\/de-de\/wp-json\/wp\/v2\/users\/1"}],"replies":[{"embeddable":true,"href":"https:\/\/staging.radiuscompare.com\/de-de\/wp-json\/wp\/v2\/comments?post=5638"}],"version-history":[{"count":0,"href":"https:\/\/staging.radiuscompare.com\/de-de\/wp-json\/wp\/v2\/pages\/5638\/revisions"}],"wp:attachment":[{"href":"https:\/\/staging.radiuscompare.com\/de-de\/wp-json\/wp\/v2\/media?parent=5638"}],"curies":[{"name":"wp","href":"https:\/\/api.w.org\/{rel}","templated":true}]}}